{"id":3112,"date":"2023-10-18T08:21:41","date_gmt":"2023-10-18T06:21:41","guid":{"rendered":"https:\/\/terval.com\/unsere-geschichte\/"},"modified":"2023-11-17T10:10:10","modified_gmt":"2023-11-17T09:10:10","slug":"unsere-geschichte","status":"publish","type":"page","link":"https:\/\/terval.com\/de\/unsere-geschichte\/","title":{"rendered":"Unsere Geschichte"},"content":{"rendered":"\t\t<div data-elementor-type=\"wp-page\" data-elementor-id=\"3112\" class=\"elementor elementor-3112 elementor-2108\" data-elementor-post-type=\"page\">\n\t\t\t\t\t\t<section class=\"elementor-section elementor-top-section elementor-element elementor-element-1052c07 elementor-section-boxed elementor-section-height-default elementor-section-height-default\" data-id=\"1052c07\" data-element_type=\"section\" data-e-type=\"section\" data-settings=\"{&quot;background_background&quot;:&quot;classic&quot;}\">\n\t\t\t\t\t\t\t<div class=\"elementor-background-overlay\"><\/div>\n\t\t\t\t\t\t\t<div class=\"elementor-container elementor-column-gap-default\">\n\t\t\t\t\t<div class=\"elementor-column elementor-col-100 elementor-top-column elementor-element elementor-element-39645aa\" data-id=\"39645aa\" data-element_type=\"column\" data-e-type=\"column\">\n\t\t\t<div class=\"elementor-widget-wrap elementor-element-populated\">\n\t\t\t\t\t\t<div class=\"elementor-element elementor-element-51c1a6f elementor-widget__width-auto elementor-widget elementor-widget-heading\" data-id=\"51c1a6f\" data-element_type=\"widget\" data-e-type=\"widget\" data-widget_type=\"heading.default\">\n\t\t\t\t<div class=\"elementor-widget-container\">\n\t\t\t\t\t<h1 class=\"elementor-heading-title elementor-size-default\">Unsere Geschichte<\/h1>\t\t\t\t<\/div>\n\t\t\t\t<\/div>\n\t\t\t\t\t<\/div>\n\t\t<\/div>\n\t\t\t\t\t<\/div>\n\t\t<\/section>\n\t\t\t\t<section class=\"elementor-section elementor-top-section elementor-element elementor-element-11ab5cf9 elementor-section-boxed elementor-section-height-default elementor-section-height-default\" data-id=\"11ab5cf9\" data-element_type=\"section\" data-e-type=\"section\">\n\t\t\t\t\t\t<div class=\"elementor-container elementor-column-gap-default\">\n\t\t\t\t\t<div class=\"elementor-column elementor-col-33 elementor-top-column elementor-element elementor-element-11b54daf elementor-hidden-desktop elementor-hidden-tablet elementor-hidden-mobile\" data-id=\"11b54daf\" data-element_type=\"column\" data-e-type=\"column\">\n\t\t\t<div class=\"elementor-widget-wrap elementor-element-populated\">\n\t\t\t\t\t\t<div class=\"elementor-element elementor-element-bbf6832 elementor-widget-divider--view-line_text elementor-widget-divider--element-align-left elementor-widget elementor-widget-divider\" data-id=\"bbf6832\" data-element_type=\"widget\" data-e-type=\"widget\" data-widget_type=\"divider.default\">\n\t\t\t\t<div class=\"elementor-widget-container\">\n\t\t\t\t\t\t\t<div class=\"elementor-divider\">\n\t\t\t<span class=\"elementor-divider-separator\">\n\t\t\t\t\t\t\t<span class=\"elementor-divider__text elementor-divider__element\">\n\t\t\t\tChronologie\t\t\t\t<\/span>\n\t\t\t\t\t\t<\/span>\n\t\t<\/div>\n\t\t\t\t\t\t<\/div>\n\t\t\t\t<\/div>\n\t\t\t\t<div class=\"elementor-element elementor-element-15e60fd elementor-widget elementor-widget-table-of-contents\" data-id=\"15e60fd\" data-element_type=\"widget\" data-e-type=\"widget\" data-settings=\"{&quot;exclude_headings_by_selector&quot;:[],&quot;headings_by_tags&quot;:[&quot;h2&quot;,&quot;h3&quot;,&quot;h4&quot;,&quot;h5&quot;,&quot;h6&quot;],&quot;marker_view&quot;:&quot;numbers&quot;,&quot;no_headings_message&quot;:&quot;Es wurden keine \\u00dcberschriften auf dieser Seite gefunden.&quot;,&quot;hierarchical_view&quot;:&quot;yes&quot;,&quot;min_height&quot;:{&quot;unit&quot;:&quot;px&quot;,&quot;size&quot;:&quot;&quot;,&quot;sizes&quot;:[]},&quot;min_height_tablet&quot;:{&quot;unit&quot;:&quot;px&quot;,&quot;size&quot;:&quot;&quot;,&quot;sizes&quot;:[]},&quot;min_height_mobile&quot;:{&quot;unit&quot;:&quot;px&quot;,&quot;size&quot;:&quot;&quot;,&quot;sizes&quot;:[]}}\" data-widget_type=\"table-of-contents.default\">\n\t\t\t\t<div class=\"elementor-widget-container\">\n\t\t\t\t\t\t\t\t\t<div class=\"elementor-toc__header\">\n\t\t\t\t\t\t<div class=\"elementor-toc__header-title\">\n\t\t\t\tInhaltsverzeichnis\t\t\t<\/div>\n\t\t\t\t\t\t\t\t<\/div>\n\t\t\t\t<div id=\"elementor-toc__15e60fd\" class=\"elementor-toc__body\">\n\t\t\t<div class=\"elementor-toc__spinner-container\">\n\t\t\t\t<i class=\"elementor-toc__spinner eicon-animation-spin eicon-loading\" aria-hidden=\"true\"><\/i>\t\t\t<\/div>\n\t\t<\/div>\n\t\t\t\t\t\t<\/div>\n\t\t\t\t<\/div>\n\t\t\t\t\t<\/div>\n\t\t<\/div>\n\t\t\t\t<div class=\"elementor-column elementor-col-66 elementor-top-column elementor-element elementor-element-39b5caf6 elementor-hidden-desktop elementor-hidden-tablet elementor-hidden-mobile\" data-id=\"39b5caf6\" data-element_type=\"column\" data-e-type=\"column\">\n\t\t\t<div class=\"elementor-widget-wrap elementor-element-populated\">\n\t\t\t\t\t\t<div class=\"elementor-element elementor-element-b9ba453 elementor-widget elementor-widget-heading\" data-id=\"b9ba453\" data-element_type=\"widget\" data-e-type=\"widget\" data-widget_type=\"heading.default\">\n\t\t\t\t<div class=\"elementor-widget-container\">\n\t\t\t\t\t<h2 class=\"elementor-heading-title elementor-size-default\">1981<\/h2>\t\t\t\t<\/div>\n\t\t\t\t<\/div>\n\t\t\t\t<div class=\"elementor-element elementor-element-e5e7173 elementor-widget elementor-widget-text-editor\" data-id=\"e5e7173\" data-element_type=\"widget\" data-e-type=\"widget\" data-widget_type=\"text-editor.default\">\n\t\t\t\t<div class=\"elementor-widget-container\">\n\t\t\t\t\t\t\t\t\t<p>Terval wurde 1981 auf der \u00cele Monsin in L\u00fcttich gegr\u00fcndet. Seine urspr\u00fcngliche Bestimmung war die Verwertung von Halden (was den Namen des Unternehmens inspirierte). In der ersten H\u00e4lfte der 1980er Jahre schlossen sich Dirk Schmidt-Holzmann und Beno\u00eet Blondiau vor dem Hintergrund der Schlie\u00dfung der europ\u00e4ischen Steinkohlebergwerke zusammen.<\/p>\n<\/p>\n<p>Zu dieser Zeit waren viele Industrieunternehmen mit kohlebefeuerten Heizkesseln oder \u00d6fen ausgestattet und brauchten neue Alternativen, um sich zu versorgen. Terval reagierte auf diese Nachfrage, indem es die Verarbeitung und den Vertrieb von Importkohle (vor allem aus S\u00fcdafrika) ausbaute.<\/p>\n\t\t\t\t\t\t\t\t<\/div>\n\t\t\t\t<\/div>\n\t\t\t\t<div class=\"elementor-element elementor-element-0e373b6 elementor-widget elementor-widget-heading\" data-id=\"0e373b6\" data-element_type=\"widget\" data-e-type=\"widget\" data-widget_type=\"heading.default\">\n\t\t\t\t<div class=\"elementor-widget-container\">\n\t\t\t\t\t<h2 class=\"elementor-heading-title elementor-size-default\">1990<\/h2>\t\t\t\t<\/div>\n\t\t\t\t<\/div>\n\t\t\t\t<div class=\"elementor-element elementor-element-76e7ab6 elementor-widget elementor-widget-text-editor\" data-id=\"76e7ab6\" data-element_type=\"widget\" data-e-type=\"widget\" data-widget_type=\"text-editor.default\">\n\t\t\t\t<div class=\"elementor-widget-container\">\n\t\t\t\t\t\t\t\t\t<p>Im Laufe der Jahre hat das Unternehmen kontinuierlich investiert, um ein erstklassiges Werkzeug zum Sieben, Brechen, Mischen, Homogenisieren, aber auch zum Waschen von Kohle zu erhalten.<\/p>\n<\/p>\n<p>Ende der 1990er Jahre gr\u00fcndete Terval eine Tochtergesellschaft in Frankreich, um seinen T\u00e4tigkeitsbereich durch eine verst\u00e4rkte Pr\u00e4senz in einigen gro\u00dfen franz\u00f6sischen H\u00e4fen noch weiter auszudehnen.<\/p>\n<\/p>\n<p>Terval beschr\u00e4nkt sich nicht auf die Vermarktung von Kesselkohle, sondern erschlie\u00dft auch die M\u00e4rkte f\u00fcr Anthrazit, Petrolkoks und sp\u00e4ter f\u00fcr mikronisierte Kohle.<\/p>\n<\/p>\n<p>Als langj\u00e4hriger Partner der Zementindustrie hat sich Terval auch auf die Vermarktung und Aufbereitung von Kalziumsulfaten und Eisenoxiden spezialisiert.<\/p>\n\t\t\t\t\t\t\t\t<\/div>\n\t\t\t\t<\/div>\n\t\t\t\t<div class=\"elementor-element elementor-element-00484d8 elementor-widget elementor-widget-heading\" data-id=\"00484d8\" data-element_type=\"widget\" data-e-type=\"widget\" data-widget_type=\"heading.default\">\n\t\t\t\t<div class=\"elementor-widget-container\">\n\t\t\t\t\t<h2 class=\"elementor-heading-title elementor-size-default\">2001<\/h2>\t\t\t\t<\/div>\n\t\t\t\t<\/div>\n\t\t\t\t<div class=\"elementor-element elementor-element-eb481d2 elementor-widget elementor-widget-text-editor\" data-id=\"eb481d2\" data-element_type=\"widget\" data-e-type=\"widget\" data-widget_type=\"text-editor.default\">\n\t\t\t\t<div class=\"elementor-widget-container\">\n\t\t\t\t\t\t\t\t\t<p>Gr\u00fcndung einer Tochtergesellschaft in Deutschland, die heute Terval GmbH hei\u00dft.<\/p>\n\t\t\t\t\t\t\t\t<\/div>\n\t\t\t\t<\/div>\n\t\t\t\t<div class=\"elementor-element elementor-element-5fb24e1 elementor-widget elementor-widget-heading\" data-id=\"5fb24e1\" data-element_type=\"widget\" data-e-type=\"widget\" data-widget_type=\"heading.default\">\n\t\t\t\t<div class=\"elementor-widget-container\">\n\t\t\t\t\t<h2 class=\"elementor-heading-title elementor-size-default\">2019<\/h2>\t\t\t\t<\/div>\n\t\t\t\t<\/div>\n\t\t\t\t<div class=\"elementor-element elementor-element-ef52ce0 elementor-widget elementor-widget-text-editor\" data-id=\"ef52ce0\" data-element_type=\"widget\" data-e-type=\"widget\" data-widget_type=\"text-editor.default\">\n\t\t\t\t<div class=\"elementor-widget-container\">\n\t\t\t\t\t\t\t\t\t<p>Terval ist sich der Herausforderungen des \u00f6kologischen Wandels bewusst und investiert weiterhin in sein Terminal durch den Erwerb neuer Nebengrundst\u00fccke und den Bau neuer Hallen, sodass es sich auf 15 Hektar ausdehnen und \u00fcber 25.000 m\u00b2 \u00fcberdachte Lagerfl\u00e4che verf\u00fcgen kann.<\/p>\n<\/p>\n<p>Neue Investitionen statten das Unternehmen auch mit einer hocheffizienten Zugverladestation aus, die es wieder zu einer f\u00fchrenden trimodalen Logistikplattform macht.<\/p>\n\t\t\t\t\t\t\t\t<\/div>\n\t\t\t\t<\/div>\n\t\t\t\t<div class=\"elementor-element elementor-element-7b9ba45 elementor-widget elementor-widget-heading\" data-id=\"7b9ba45\" data-element_type=\"widget\" data-e-type=\"widget\" data-widget_type=\"heading.default\">\n\t\t\t\t<div class=\"elementor-widget-container\">\n\t\t\t\t\t<h2 class=\"elementor-heading-title elementor-size-default\">2021<\/h2>\t\t\t\t<\/div>\n\t\t\t\t<\/div>\n\t\t\t\t<div class=\"elementor-element elementor-element-a9dee54 elementor-widget elementor-widget-text-editor\" data-id=\"a9dee54\" data-element_type=\"widget\" data-e-type=\"widget\" data-widget_type=\"text-editor.default\">\n\t\t\t\t<div class=\"elementor-widget-container\">\n\t\t\t\t\t\t\t\t\t<p>Terval beschleunigt die Diversifizierung seines Energieportfolios durch die Entwicklung der M\u00e4rkte f\u00fcr Biomasse und insbesondere Holz.<\/p>\n\t\t\t\t\t\t\t\t<\/div>\n\t\t\t\t<\/div>\n\t\t\t\t\t<\/div>\n\t\t<\/div>\n\t\t\t\t\t<\/div>\n\t\t<\/section>\n\t\t\t\t<section class=\"elementor-section elementor-top-section elementor-element elementor-element-9a64aa4 elementor-section-boxed elementor-section-height-default elementor-section-height-default\" data-id=\"9a64aa4\" data-element_type=\"section\" data-e-type=\"section\">\n\t\t\t\t\t\t<div class=\"elementor-container elementor-column-gap-default\">\n\t\t\t\t\t<div class=\"elementor-column elementor-col-100 elementor-top-column elementor-element elementor-element-58fafe5\" data-id=\"58fafe5\" data-element_type=\"column\" data-e-type=\"column\">\n\t\t\t<div class=\"elementor-widget-wrap elementor-element-populated\">\n\t\t\t\t\t\t<div class=\"elementor-element elementor-element-deada32 history elementor-widget elementor-widget-timeline-widget-addon\" data-id=\"deada32\" data-element_type=\"widget\" data-e-type=\"widget\" data-widget_type=\"timeline-widget-addon.default\">\n\t\t\t\t<div class=\"elementor-widget-container\">\n\t\t\t\t\t<!-- ========= Timeline Widget  Addon For Elementor 1.6.24 ========= -->\n<div id=\"twae-wrapper-deada32\" class=\"twae-wrapper twae-horizontal-timeline\">\n<div class=\"twae-wrapper-inside\">\n <div id=\"twae-slider-container-deada32\" data-dir=\"\" data-slidestoshow=\"3\" data-autoplay=\"false\" data-auto-height=\"true\" class=\"twae-slider-container swiper-container\">\n <div  class=\"twae-slider-wrapper swiper-wrapper no-height\"><!-- Start of Story Repeater Content --><div id=\"twae-article-314dfbf\" class=\"twae-repeater-item twae-story swiper-slide twae-story-no-icon\"><!-- Story Label --><div class=\"twae-labels\"><div class=\"twae-label-big\">1981<\/div><\/div><!-- Story Icon --><div class=\"twae-icon\"><i aria-hidden=\"true\" class=\"far fa-clock\"><\/i><\/div><!-- Story Arrow --><div class=\"twae-arrow\"><\/div><!-- Start of Story Content --><div class=\"twae-content\"><!-- Story Image --><div class=\"twae-media large\"><img fetchpriority=\"high\" decoding=\"async\" width=\"726\" height=\"408\" src=\"https:\/\/terval.com\/wp-content\/uploads\/2023\/11\/Creation.jpg\" class=\"attachment-large size-large\" alt=\"Stockage de charbon\" srcset=\"https:\/\/terval.com\/wp-content\/uploads\/2023\/11\/Creation.jpg 726w, https:\/\/terval.com\/wp-content\/uploads\/2023\/11\/Creation-300x169.jpg 300w\" sizes=\"(max-width: 726px) 100vw, 726px\" \/><\/div><!-- Story Title --><div class=\"twae-title\">Gr\u00fcndung von Terval<\/div><!-- Story Description --><div class=\"twae-description\"><p>Terval wurde 1981 auf der \u00cele Monsin in L\u00fcttich gegr\u00fcndet. Seine urspr\u00fcngliche Bestimmung war die Verwertung von Halden (was den Namen des Unternehmens inspirierte).<\/p>\n<\/div><\/div><\/div><!-- Start of Story Repeater Content --><div id=\"twae-article-7cacdd2\" class=\"twae-repeater-item twae-story swiper-slide twae-story-no-icon\"><!-- Story Label --><div class=\"twae-labels\"><div class=\"twae-label-big twae-label-big\">1990<\/div><\/div><!-- Story Icon --><div class=\"twae-icon\"><i aria-hidden=\"true\" class=\"far fa-clock\"><\/i><\/div><!-- Story Arrow --><div class=\"twae-arrow\"><\/div><!-- Start of Story Content --><div class=\"twae-content\"><!-- Story Image --><div class=\"twae-media large\"><img decoding=\"async\" width=\"726\" height=\"408\" src=\"https:\/\/terval.com\/wp-content\/uploads\/2023\/11\/Investissement.jpg\" class=\"attachment-large size-large\" alt=\"Stockage et transformation de charbon\" srcset=\"https:\/\/terval.com\/wp-content\/uploads\/2023\/11\/Investissement.jpg 726w, https:\/\/terval.com\/wp-content\/uploads\/2023\/11\/Investissement-300x169.jpg 300w\" sizes=\"(max-width: 726px) 100vw, 726px\" \/><\/div><!-- Story Title --><div class=\"twae-title twae-title\">Investition<\/div><!-- Story Description --><div class=\"twae-description twae-description\"><p>Im Laufe der Jahre hat das Unternehmen kontinuierlich investiert, um ein erstklassiges Werkzeug zum Sieben, Brechen, Mischen, Homogenisieren, aber auch zum Waschen von Kohle zu erhalten.<\/p>\n<\/div><\/div><\/div><!-- Start of Story Repeater Content --><div id=\"twae-article-55f3023\" class=\"twae-repeater-item twae-story swiper-slide twae-story-no-icon\"><!-- Story Label --><div class=\"twae-labels\"><div class=\"twae-label-big twae-label-big twae-label-big\">2001<\/div><\/div><!-- Story Icon --><div class=\"twae-icon\"><i aria-hidden=\"true\" class=\"far fa-clock\"><\/i><\/div><!-- Story Arrow --><div class=\"twae-arrow\"><\/div><!-- Start of Story Content --><div class=\"twae-content\"><!-- Story Image --><div class=\"twae-media large\"><img decoding=\"async\" width=\"726\" height=\"408\" src=\"https:\/\/terval.com\/wp-content\/uploads\/2023\/11\/Expansion.jpg\" class=\"attachment-large size-large\" alt=\"Expansion et Logistique\" srcset=\"https:\/\/terval.com\/wp-content\/uploads\/2023\/11\/Expansion.jpg 726w, https:\/\/terval.com\/wp-content\/uploads\/2023\/11\/Expansion-300x169.jpg 300w\" sizes=\"(max-width: 726px) 100vw, 726px\" \/><\/div><!-- Story Title --><div class=\"twae-title twae-title twae-title\">Expansion<\/div><!-- Story Description --><div class=\"twae-description twae-description twae-description\"><p>Gr\u00fcndung einer Tochtergesellschaft in Deutschland, die heute Terval GmbH hei\u00dft.<\/p>\n<\/div><\/div><\/div><!-- Start of Story Repeater Content --><div id=\"twae-article-ec4048d\" class=\"twae-repeater-item twae-story swiper-slide twae-story-no-icon\"><!-- Story Label --><div class=\"twae-labels\"><div class=\"twae-label-big twae-label-big twae-label-big twae-label-big\">2019<\/div><\/div><!-- Story Icon --><div class=\"twae-icon\"><i aria-hidden=\"true\" class=\"far fa-clock\"><\/i><\/div><!-- Story Arrow --><div class=\"twae-arrow\"><\/div><!-- Start of Story Content --><div class=\"twae-content\"><!-- Story Image --><div class=\"twae-media large\"><img loading=\"lazy\" decoding=\"async\" width=\"800\" height=\"445\" src=\"https:\/\/terval.com\/wp-content\/uploads\/2023\/10\/Overview-rail-1024x569.png\" class=\"attachment-large size-large\" alt=\"\" srcset=\"https:\/\/terval.com\/wp-content\/uploads\/2023\/10\/Overview-rail-1024x569.png 1024w, https:\/\/terval.com\/wp-content\/uploads\/2023\/10\/Overview-rail-300x167.png 300w, https:\/\/terval.com\/wp-content\/uploads\/2023\/10\/Overview-rail-768x427.png 768w, https:\/\/terval.com\/wp-content\/uploads\/2023\/10\/Overview-rail.png 1440w\" sizes=\"(max-width: 800px) 100vw, 800px\"><\/div><!-- Story Title --><div class=\"twae-title twae-title twae-title twae-title\">\u00dcbergang<\/div><!-- Story Description --><div class=\"twae-description twae-description twae-description twae-description\"><p>Terval ist sich der Herausforderungen des \u00f6kologischen Wandels bewusst und investiert weiterhin in sein Terminal durch den Erwerb neuer Nebengrundst\u00fccke und den Bau neuer Hallen, sodass es sich auf 15 Hektar ausdehnen und \u00fcber 25.000 m\u00b2 \u00fcberdachte Lagerfl\u00e4che verf\u00fcgen kann.<\/p><\/p>\n<\/div><\/div><\/div><!-- Start of Story Repeater Content --><div id=\"twae-article-b95d3b4\" class=\"twae-repeater-item twae-story swiper-slide twae-story-no-icon\"><!-- Story Label --><div class=\"twae-labels\"><div class=\"twae-label-big twae-label-big twae-label-big twae-label-big twae-label-big\">2021<\/div><\/div><!-- Story Icon --><div class=\"twae-icon\"><i aria-hidden=\"true\" class=\"far fa-clock\"><\/i><\/div><!-- Story Arrow --><div class=\"twae-arrow\"><\/div><!-- Start of Story Content --><div class=\"twae-content\"><!-- Story Image --><div class=\"twae-media large\"><img loading=\"lazy\" decoding=\"async\" width=\"726\" height=\"408\" src=\"https:\/\/terval.com\/wp-content\/uploads\/2023\/11\/Diversification.jpg\" class=\"attachment-large size-large\" alt=\"Pelet de bois\" srcset=\"https:\/\/terval.com\/wp-content\/uploads\/2023\/11\/Diversification.jpg 726w, https:\/\/terval.com\/wp-content\/uploads\/2023\/11\/Diversification-300x169.jpg 300w\" sizes=\"(max-width: 726px) 100vw, 726px\" \/><\/div><!-- Story Title --><div class=\"twae-title twae-title twae-title twae-title twae-title\">Diversifizierung<\/div><!-- Story Description --><div class=\"twae-description twae-description twae-description twae-description twae-description\"><p>Terval beschleunigt die Diversifizierung seines Energieportfolios durch die Entwicklung der M\u00e4rkte f\u00fcr Biomasse und insbesondere Holz.<\/p>\n<\/div><\/div><\/div><\/div><\/div><\/div> <!-- Add Arrows -->\n       <div class=\"twae-button-prev\"><i class=\"fas fa-chevron-left\"><\/i><\/div>\n       <div class=\"twae-button-next\"><i class=\"fas fa-chevron-right\"><\/i><\/div>\n       <div class=\"twae-h-line\"><\/div>\n       <div class=\"twae-line-fill\"><\/div>\n    <\/div>\t\t\t\t<\/div>\n\t\t\t\t<\/div>\n\t\t\t\t\t<\/div>\n\t\t<\/div>\n\t\t\t\t\t<\/div>\n\t\t<\/section>\n\t\t\t\t<section class=\"elementor-section elementor-top-section elementor-element elementor-element-fc56e9b elementor-section-boxed elementor-section-height-default elementor-section-height-default\" data-id=\"fc56e9b\" data-element_type=\"section\" data-e-type=\"section\" data-settings=\"{&quot;background_background&quot;:&quot;classic&quot;}\">\n\t\t\t\t\t\t\t<div class=\"elementor-background-overlay\"><\/div>\n\t\t\t\t\t\t\t<div class=\"elementor-container elementor-column-gap-default\">\n\t\t\t\t\t<div class=\"elementor-column elementor-col-100 elementor-top-column elementor-element elementor-element-6ae9b5e elementor-invisible\" data-id=\"6ae9b5e\" data-element_type=\"column\" data-e-type=\"column\" data-settings=\"{&quot;animation&quot;:&quot;fadeIn&quot;,&quot;animation_delay&quot;:360}\">\n\t\t\t<div class=\"elementor-widget-wrap elementor-element-populated\">\n\t\t\t\t\t\t<div class=\"elementor-element elementor-element-57a2d58 elementor-align-center elementor-widget elementor-widget-button\" data-id=\"57a2d58\" data-element_type=\"widget\" data-e-type=\"widget\" data-widget_type=\"button.default\">\n\t\t\t\t<div class=\"elementor-widget-container\">\n\t\t\t\t\t\t\t\t\t<div class=\"elementor-button-wrapper\">\n\t\t\t\t\t<a class=\"elementor-button elementor-button-link elementor-size-sm\" href=\"https:\/\/terval.com\/de\/kontakt\/\">\n\t\t\t\t\t\t<span class=\"elementor-button-content-wrapper\">\n\t\t\t\t\t\t\t\t\t<span class=\"elementor-button-text\">Kontaktieren Sie uns<\/span>\n\t\t\t\t\t<\/span>\n\t\t\t\t\t<\/a>\n\t\t\t\t<\/div>\n\t\t\t\t\t\t\t\t<\/div>\n\t\t\t\t<\/div>\n\t\t\t\t\t<\/div>\n\t\t<\/div>\n\t\t\t\t\t<\/div>\n\t\t<\/section>\n\t\t\t\t<\/div>\n\t\t","protected":false},"excerpt":{"rendered":"<p>Unsere Geschichte Chronologie Inhaltsverzeichnis 1981 Terval wurde 1981 auf der \u00cele Monsin in L\u00fcttich gegr\u00fcndet. Seine urspr\u00fcngliche Bestimmung war die Verwertung von Halden (was den Namen des Unternehmens inspirierte). In der ersten H\u00e4lfte der 1980er Jahre schlossen sich Dirk Schmidt-Holzmann und Beno\u00eet Blondiau vor dem Hintergrund der Schlie\u00dfung der europ\u00e4ischen Steinkohlebergwerke zusammen. Zu dieser Zeit [&hellip;]<\/p>\n","protected":false},"author":2,"featured_media":0,"parent":0,"menu_order":0,"comment_status":"closed","ping_status":"closed","template":"","meta":{"footnotes":""},"class_list":["post-3112","page","type-page","status-publish","hentry"],"_links":{"self":[{"href":"https:\/\/terval.com\/de\/wp-json\/wp\/v2\/pages\/3112","targetHints":{"allow":["GET"]}}],"collection":[{"href":"https:\/\/terval.com\/de\/wp-json\/wp\/v2\/pages"}],"about":[{"href":"https:\/\/terval.com\/de\/wp-json\/wp\/v2\/types\/page"}],"author":[{"embeddable":true,"href":"https:\/\/terval.com\/de\/wp-json\/wp\/v2\/users\/2"}],"replies":[{"embeddable":true,"href":"https:\/\/terval.com\/de\/wp-json\/wp\/v2\/comments?post=3112"}],"version-history":[{"count":12,"href":"https:\/\/terval.com\/de\/wp-json\/wp\/v2\/pages\/3112\/revisions"}],"predecessor-version":[{"id":3613,"href":"https:\/\/terval.com\/de\/wp-json\/wp\/v2\/pages\/3112\/revisions\/3613"}],"wp:attachment":[{"href":"https:\/\/terval.com\/de\/wp-json\/wp\/v2\/media?parent=3112"}],"curies":[{"name":"wp","href":"https:\/\/api.w.org\/{rel}","templated":true}]}}