{"id":3132,"date":"2023-10-18T08:16:31","date_gmt":"2023-10-18T06:16:31","guid":{"rendered":"https:\/\/terval.com\/mit-uns-arbeiten\/"},"modified":"2024-08-13T10:13:11","modified_gmt":"2024-08-13T08:13:11","slug":"weltweite-kompetenz","status":"publish","type":"page","link":"https:\/\/terval.com\/de\/weltweite-kompetenz\/","title":{"rendered":"Mit uns arbeiten"},"content":{"rendered":"\t\t<div data-elementor-type=\"wp-page\" data-elementor-id=\"3132\" class=\"elementor elementor-3132 elementor-2085\" data-elementor-post-type=\"page\">\n\t\t\t\t\t\t<section class=\"elementor-section elementor-top-section elementor-element elementor-element-9578efd elementor-section-boxed elementor-section-height-default elementor-section-height-default\" data-id=\"9578efd\" data-element_type=\"section\" data-e-type=\"section\" data-settings=\"{&quot;background_background&quot;:&quot;classic&quot;}\">\n\t\t\t\t\t\t\t<div class=\"elementor-background-overlay\"><\/div>\n\t\t\t\t\t\t\t<div class=\"elementor-container elementor-column-gap-default\">\n\t\t\t\t\t<div class=\"elementor-column elementor-col-100 elementor-top-column elementor-element elementor-element-9f37d07\" data-id=\"9f37d07\" data-element_type=\"column\" data-e-type=\"column\">\n\t\t\t<div class=\"elementor-widget-wrap elementor-element-populated\">\n\t\t\t\t\t\t<div class=\"elementor-element elementor-element-631c7cd elementor-widget__width-auto elementor-widget elementor-widget-heading\" data-id=\"631c7cd\" data-element_type=\"widget\" data-e-type=\"widget\" data-widget_type=\"heading.default\">\n\t\t\t\t<div class=\"elementor-widget-container\">\n\t\t\t\t\t<h1 class=\"elementor-heading-title elementor-size-default\">\u00dcber uns<\/h1>\t\t\t\t<\/div>\n\t\t\t\t<\/div>\n\t\t\t\t\t<\/div>\n\t\t<\/div>\n\t\t\t\t\t<\/div>\n\t\t<\/section>\n\t\t\t\t<section class=\"elementor-section elementor-top-section elementor-element elementor-element-9188b13 elementor-section-boxed elementor-section-height-default elementor-section-height-default\" data-id=\"9188b13\" data-element_type=\"section\" data-e-type=\"section\">\n\t\t\t\t\t\t<div class=\"elementor-container elementor-column-gap-default\">\n\t\t\t\t\t<div class=\"elementor-column elementor-col-100 elementor-top-column elementor-element elementor-element-a72e595\" data-id=\"a72e595\" data-element_type=\"column\" data-e-type=\"column\" data-settings=\"{&quot;background_background&quot;:&quot;classic&quot;}\">\n\t\t\t<div class=\"elementor-widget-wrap elementor-element-populated\">\n\t\t\t\t\t\t<div class=\"elementor-element elementor-element-b2947fd elementor-widget__width-initial elementor-widget elementor-widget-text-editor\" data-id=\"b2947fd\" data-element_type=\"widget\" data-e-type=\"widget\" data-widget_type=\"text-editor.default\">\n\t\t\t\t<div class=\"elementor-widget-container\">\n\t\t\t\t\t\t\t\t\t<p>Terval handelt mit fast 2 Millionen Tonnen aus der ganzen Welt.<\/p>\n\t\t\t\t\t\t\t\t<\/div>\n\t\t\t\t<\/div>\n\t\t\t\t<div class=\"elementor-element elementor-element-e29e02a elementor-widget elementor-widget-heading\" data-id=\"e29e02a\" data-element_type=\"widget\" data-e-type=\"widget\" data-widget_type=\"heading.default\">\n\t\t\t\t<div class=\"elementor-widget-container\">\n\t\t\t\t\t<h2 class=\"elementor-heading-title elementor-size-default\">Ein weltweites Vertriebsnetz<\/h2>\t\t\t\t<\/div>\n\t\t\t\t<\/div>\n\t\t\t\t<div class=\"elementor-element elementor-element-d6a4266 elementor-widget elementor-widget-text-editor\" data-id=\"d6a4266\" data-element_type=\"widget\" data-e-type=\"widget\" data-widget_type=\"text-editor.default\">\n\t\t\t\t<div class=\"elementor-widget-container\">\n\t\t\t\t\t\t\t\t\t<p>Das Unternehmen mit Sitz in L\u00fcttich bietet auch Logistikdienstleistungen mit direkter Verbindung zu den H\u00e4fen von Antwerpen, Amsterdam und Rotterdam an. Terval ist auch in den H\u00e4fen von Hamm, L\u00fcnen und Dortmund in Deutschland und Rouen, Thionville oder Montoir in Frankreich vertreten.  <\/p>\n<p>Der trimodale Terminal der Gruppe erm\u00f6glicht eine Anbindung an das Flussnetz, die Schiene und die Stra\u00dfe.  <\/p>\n<p>Das Terminal erstreckt sich \u00fcber eine Fl\u00e4che von fast 14 Hektar, hat eine Lagerkapazit\u00e4t von bis zu 500.000 Tonnen und die M\u00f6glichkeit, unter Hallen mit einer Fl\u00e4che von fast 25.000 m\u00b2 zu lagern.<\/p>\n\t\t\t\t\t\t\t\t<\/div>\n\t\t\t\t<\/div>\n\t\t\t\t<div class=\"elementor-element elementor-element-78bb0dc elementor-widget elementor-widget-heading\" data-id=\"78bb0dc\" data-element_type=\"widget\" data-e-type=\"widget\" data-widget_type=\"heading.default\">\n\t\t\t\t<div class=\"elementor-widget-container\">\n\t\t\t\t\t<h2 class=\"elementor-heading-title elementor-size-default\">Ein erfahrenes, multidisziplin\u00e4res Team\n\n<\/h2>\t\t\t\t<\/div>\n\t\t\t\t<\/div>\n\t\t\t\t<div class=\"elementor-element elementor-element-b8efa88 elementor-widget elementor-widget-text-editor\" data-id=\"b8efa88\" data-element_type=\"widget\" data-e-type=\"widget\" data-widget_type=\"text-editor.default\">\n\t\t\t\t<div class=\"elementor-widget-container\">\n\t\t\t\t\t\t\t\t\t<p>Das trimodale Terminal von Terval kann t\u00e4glich bis zu 6.000 Tonnen laden und bis zu 12.000 Tonnen Sch\u00fcttgut entladen.<\/p>\n\t\t\t\t\t\t\t\t<\/div>\n\t\t\t\t<\/div>\n\t\t\t\t<div class=\"elementor-element elementor-element-88e19e3 elementor-widget elementor-widget-heading\" data-id=\"88e19e3\" data-element_type=\"widget\" data-e-type=\"widget\" data-widget_type=\"heading.default\">\n\t\t\t\t<div class=\"elementor-widget-container\">\n\t\t\t\t\t<h2 class=\"elementor-heading-title elementor-size-default\">Entwickelte technische und logistische Infrastruktur<\/h2>\t\t\t\t<\/div>\n\t\t\t\t<\/div>\n\t\t\t\t<div class=\"elementor-element elementor-element-f32388d elementor-widget elementor-widget-text-editor\" data-id=\"f32388d\" data-element_type=\"widget\" data-e-type=\"widget\" data-widget_type=\"text-editor.default\">\n\t\t\t\t<div class=\"elementor-widget-container\">\n\t\t\t\t\t\t\t\t\t<p>Terval verf\u00fcgt \u00fcber 8 Brechanlagen sowie 2 Mahl- und Trocknungsanlagen. Dar\u00fcber hinaus produziert eine Waschanlage mit einer Kapazit\u00e4t von 120 Tonnen pro Stunde 2.000mt pro Tag mit einer Brechanlage in 6 verschiedenen Gr\u00f6\u00dfen.<\/p>\n<p>Der Investitionsgrad ist sehr hoch und die Anlagen arbeiten alle unter den modernsten Industriestandards.<\/p>\n<p>Terval hat auch ein eigenes Analyselabor, um die von unseren Partnern und Kunden geforderten Qualit\u00e4ten zu gew\u00e4hrleisten.<\/p>\n\t\t\t\t\t\t\t\t<\/div>\n\t\t\t\t<\/div>\n\t\t\t\t<div class=\"elementor-element elementor-element-56018e5 elementor-widget elementor-widget-heading\" data-id=\"56018e5\" data-element_type=\"widget\" data-e-type=\"widget\" data-widget_type=\"heading.default\">\n\t\t\t\t<div class=\"elementor-widget-container\">\n\t\t\t\t\t<h2 class=\"elementor-heading-title elementor-size-default\">Ein gro\u00dfer Markt<\/h2>\t\t\t\t<\/div>\n\t\t\t\t<\/div>\n\t\t\t\t<div class=\"elementor-element elementor-element-4d8bbb8 elementor-widget elementor-widget-text-editor\" data-id=\"4d8bbb8\" data-element_type=\"widget\" data-e-type=\"widget\" data-widget_type=\"text-editor.default\">\n\t\t\t\t<div class=\"elementor-widget-container\">\n\t\t\t\t\t\t\t\t\t<p>Der Hauptmarkt von Terval sind die europ\u00e4ischen Industrieunternehmen. Wir arbeiten mit der Zement-, Papier-, Zucker- oder Stahlindustrie zusammen. Wir sind auch Partner einiger Kohlekraftwerke.  <\/p>\n\t\t\t\t\t\t\t\t<\/div>\n\t\t\t\t<\/div>\n\t\t\t\t<div class=\"elementor-element elementor-element-75753f3 elementor-widget elementor-widget-heading\" data-id=\"75753f3\" data-element_type=\"widget\" data-e-type=\"widget\" data-widget_type=\"heading.default\">\n\t\t\t\t<div class=\"elementor-widget-container\">\n\t\t\t\t\t<h2 class=\"elementor-heading-title elementor-size-default\">Jenseits der Kohle<\/h2>\t\t\t\t<\/div>\n\t\t\t\t<\/div>\n\t\t\t\t<div class=\"elementor-element elementor-element-de7a2d3 elementor-widget elementor-widget-text-editor\" data-id=\"de7a2d3\" data-element_type=\"widget\" data-e-type=\"widget\" data-widget_type=\"text-editor.default\">\n\t\t\t\t<div class=\"elementor-widget-container\">\n\t\t\t\t\t\t\t\t\t<p><span style=\"background-color: var( --e-global-color-308e809 ); color: var( --e-global-color-text ); font-family: var( --e-global-typography-b2ce6af-font-family ), Sans-serif; font-size: var( --e-global-typography-b2ce6af-font-size ); letter-spacing: var( --e-global-typography-b2ce6af-letter-spacing ); word-spacing: var( --e-global-typography-b2ce6af-word-spacing );\">Mit seinem Know-how und seiner Kenntnis des Brennstoffmarktes unterst\u00fctzt Terval die europ\u00e4ische Industrie beim \u00dcbergang zu gr\u00fcner Energie und baut sein Produktportfolio aus.\u00a0<\/span><\/p><p><span style=\"font-weight: 400;\">Wir haben eine Lagerkapazit\u00e4t von fast 30.000 Tonnen Holzpellets. Ein zweiter Hangar ist in Planung, um eine Kapazit\u00e4t von 10.000m\u00b2 hinzuzuf\u00fcgen.<\/span><span style=\"font-weight: 400;\"><br \/><\/span><\/p>\t\t\t\t\t\t\t\t<\/div>\n\t\t\t\t<\/div>\n\t\t\t\t\t<\/div>\n\t\t<\/div>\n\t\t\t\t\t<\/div>\n\t\t<\/section>\n\t\t\t\t<section class=\"elementor-section elementor-top-section elementor-element elementor-element-ef15581 elementor-section-boxed elementor-section-height-default elementor-section-height-default\" data-id=\"ef15581\" data-element_type=\"section\" data-e-type=\"section\" data-settings=\"{&quot;background_background&quot;:&quot;classic&quot;}\">\n\t\t\t\t\t\t\t<div class=\"elementor-background-overlay\"><\/div>\n\t\t\t\t\t\t\t<div class=\"elementor-container elementor-column-gap-default\">\n\t\t\t\t\t<div class=\"elementor-column elementor-col-100 elementor-top-column elementor-element elementor-element-337fe11 elementor-invisible\" data-id=\"337fe11\" data-element_type=\"column\" data-e-type=\"column\" data-settings=\"{&quot;animation&quot;:&quot;fadeIn&quot;,&quot;animation_delay&quot;:360}\">\n\t\t\t<div class=\"elementor-widget-wrap elementor-element-populated\">\n\t\t\t\t\t\t<div class=\"elementor-element elementor-element-ace806e elementor-align-center elementor-widget elementor-widget-button\" data-id=\"ace806e\" data-element_type=\"widget\" data-e-type=\"widget\" data-widget_type=\"button.default\">\n\t\t\t\t<div class=\"elementor-widget-container\">\n\t\t\t\t\t\t\t\t\t<div class=\"elementor-button-wrapper\">\n\t\t\t\t\t<a class=\"elementor-button elementor-button-link elementor-size-sm\" href=\"https:\/\/terval.com\/de\/kontakt\/\">\n\t\t\t\t\t\t<span class=\"elementor-button-content-wrapper\">\n\t\t\t\t\t\t\t\t\t<span class=\"elementor-button-text\">Kontaktieren Sie uns<\/span>\n\t\t\t\t\t<\/span>\n\t\t\t\t\t<\/a>\n\t\t\t\t<\/div>\n\t\t\t\t\t\t\t\t<\/div>\n\t\t\t\t<\/div>\n\t\t\t\t\t<\/div>\n\t\t<\/div>\n\t\t\t\t\t<\/div>\n\t\t<\/section>\n\t\t\t\t<\/div>\n\t\t","protected":false},"excerpt":{"rendered":"<p>\u00dcber uns Terval handelt mit fast 2 Millionen Tonnen aus der ganzen Welt. Ein weltweites Vertriebsnetz Das Unternehmen mit Sitz in L\u00fcttich bietet auch Logistikdienstleistungen mit direkter Verbindung zu den H\u00e4fen von Antwerpen, Amsterdam und Rotterdam an. Terval ist auch in den H\u00e4fen von Hamm, L\u00fcnen und Dortmund in Deutschland und Rouen, Thionville oder Montoir [&hellip;]<\/p>\n","protected":false},"author":2,"featured_media":0,"parent":0,"menu_order":0,"comment_status":"closed","ping_status":"closed","template":"","meta":{"footnotes":""},"class_list":["post-3132","page","type-page","status-publish","hentry"],"_links":{"self":[{"href":"https:\/\/terval.com\/de\/wp-json\/wp\/v2\/pages\/3132","targetHints":{"allow":["GET"]}}],"collection":[{"href":"https:\/\/terval.com\/de\/wp-json\/wp\/v2\/pages"}],"about":[{"href":"https:\/\/terval.com\/de\/wp-json\/wp\/v2\/types\/page"}],"author":[{"embeddable":true,"href":"https:\/\/terval.com\/de\/wp-json\/wp\/v2\/users\/2"}],"replies":[{"embeddable":true,"href":"https:\/\/terval.com\/de\/wp-json\/wp\/v2\/comments?post=3132"}],"version-history":[{"count":5,"href":"https:\/\/terval.com\/de\/wp-json\/wp\/v2\/pages\/3132\/revisions"}],"predecessor-version":[{"id":3978,"href":"https:\/\/terval.com\/de\/wp-json\/wp\/v2\/pages\/3132\/revisions\/3978"}],"wp:attachment":[{"href":"https:\/\/terval.com\/de\/wp-json\/wp\/v2\/media?parent=3132"}],"curies":[{"name":"wp","href":"https:\/\/api.w.org\/{rel}","templated":true}]}}