{"id":3133,"date":"2023-09-15T15:14:23","date_gmt":"2023-09-15T13:14:23","guid":{"rendered":"https:\/\/terval.com\/ueberdachte-lagerhaltung-und-logistikservice\/"},"modified":"2023-11-22T09:39:11","modified_gmt":"2023-11-22T08:39:11","slug":"ueberdachte-lagerhaltung-und-logistikservice","status":"publish","type":"page","link":"https:\/\/terval.com\/de\/ueberdachte-lagerhaltung-und-logistikservice\/","title":{"rendered":"\u00dcberdachte Lagerhaltung und Logistikservice"},"content":{"rendered":"\t\t<div data-elementor-type=\"wp-page\" data-elementor-id=\"3133\" class=\"elementor elementor-3133 elementor-864\" data-elementor-post-type=\"page\">\n\t\t\t\t\t\t<section class=\"elementor-section elementor-top-section elementor-element elementor-element-36972ef elementor-section-boxed elementor-section-height-default elementor-section-height-default\" data-id=\"36972ef\" data-element_type=\"section\" data-e-type=\"section\" data-settings=\"{&quot;background_background&quot;:&quot;classic&quot;}\">\n\t\t\t\t\t\t\t<div class=\"elementor-background-overlay\"><\/div>\n\t\t\t\t\t\t\t<div class=\"elementor-container elementor-column-gap-default\">\n\t\t\t\t\t<div class=\"elementor-column elementor-col-100 elementor-top-column elementor-element elementor-element-8dad4cd\" data-id=\"8dad4cd\" data-element_type=\"column\" data-e-type=\"column\">\n\t\t\t<div class=\"elementor-widget-wrap elementor-element-populated\">\n\t\t\t\t\t\t<div class=\"elementor-element elementor-element-3509331 elementor-widget elementor-widget-heading\" data-id=\"3509331\" data-element_type=\"widget\" data-e-type=\"widget\" data-widget_type=\"heading.default\">\n\t\t\t\t<div class=\"elementor-widget-container\">\n\t\t\t\t\t<h1 class=\"elementor-heading-title elementor-size-default\">\u00dcberdachte Lagerhaltung &amp; Logistikservice<\/h1>\t\t\t\t<\/div>\n\t\t\t\t<\/div>\n\t\t\t\t\t<\/div>\n\t\t<\/div>\n\t\t\t\t\t<\/div>\n\t\t<\/section>\n\t\t\t\t<section class=\"elementor-section elementor-top-section elementor-element elementor-element-a98aab3 elementor-section-boxed elementor-section-height-default elementor-section-height-default\" data-id=\"a98aab3\" data-element_type=\"section\" data-e-type=\"section\" data-settings=\"{&quot;background_background&quot;:&quot;classic&quot;}\">\n\t\t\t\t\t\t<div class=\"elementor-container elementor-column-gap-default\">\n\t\t\t\t\t<div class=\"elementor-column elementor-col-33 elementor-top-column elementor-element elementor-element-bff55ca\" data-id=\"bff55ca\" data-element_type=\"column\" data-e-type=\"column\">\n\t\t\t<div class=\"elementor-widget-wrap elementor-element-populated\">\n\t\t\t\t\t\t<div class=\"elementor-element elementor-element-2a7e0b6 elementor-widget elementor-widget-elementskit-heading\" data-id=\"2a7e0b6\" data-element_type=\"widget\" data-e-type=\"widget\" data-widget_type=\"elementskit-heading.default\">\n\t\t\t\t<div class=\"elementor-widget-container\">\n\t\t\t\t\t<div class=\"ekit-wid-con\" ><div class=\"ekit-heading elementskit-section-title-wraper text_left   ekit_heading_tablet-   ekit_heading_mobile-\"><h2 class=\"ekit-heading--title elementskit-section-title \">150.000<\/h2>\t\t\t\t<div class='ekit-heading__description'>\n\t\t\t\t\t<p>m\u00b2 Lagerraum<\/p>\n\t\t\t\t<\/div>\n\t\t\t<\/div><\/div>\t\t\t\t<\/div>\n\t\t\t\t<\/div>\n\t\t\t\t<div class=\"elementor-element elementor-element-5193538 elementor-widget-divider--view-line elementor-widget elementor-widget-divider\" data-id=\"5193538\" data-element_type=\"widget\" data-e-type=\"widget\" data-widget_type=\"divider.default\">\n\t\t\t\t<div class=\"elementor-widget-container\">\n\t\t\t\t\t\t\t<div class=\"elementor-divider\">\n\t\t\t<span class=\"elementor-divider-separator\">\n\t\t\t\t\t\t<\/span>\n\t\t<\/div>\n\t\t\t\t\t\t<\/div>\n\t\t\t\t<\/div>\n\t\t\t\t\t<\/div>\n\t\t<\/div>\n\t\t\t\t<div class=\"elementor-column elementor-col-33 elementor-top-column elementor-element elementor-element-f86e317\" data-id=\"f86e317\" data-element_type=\"column\" data-e-type=\"column\">\n\t\t\t<div class=\"elementor-widget-wrap elementor-element-populated\">\n\t\t\t\t\t\t<div class=\"elementor-element elementor-element-c93eb33 elementor-widget elementor-widget-elementskit-heading\" data-id=\"c93eb33\" data-element_type=\"widget\" data-e-type=\"widget\" data-widget_type=\"elementskit-heading.default\">\n\t\t\t\t<div class=\"elementor-widget-container\">\n\t\t\t\t\t<div class=\"ekit-wid-con\" ><div class=\"ekit-heading elementskit-section-title-wraper text_left   ekit_heading_tablet-   ekit_heading_mobile-\"><h2 class=\"ekit-heading--title elementskit-section-title \">25.000<\/h2>\t\t\t\t<div class='ekit-heading__description'>\n\t\t\t\t\t<p>m\u00b2 \u00fcberdachte Lagerfl\u00e4che<\/p>\n\t\t\t\t<\/div>\n\t\t\t<\/div><\/div>\t\t\t\t<\/div>\n\t\t\t\t<\/div>\n\t\t\t\t<div class=\"elementor-element elementor-element-dfdc71d elementor-widget-divider--view-line elementor-widget elementor-widget-divider\" data-id=\"dfdc71d\" data-element_type=\"widget\" data-e-type=\"widget\" data-widget_type=\"divider.default\">\n\t\t\t\t<div class=\"elementor-widget-container\">\n\t\t\t\t\t\t\t<div class=\"elementor-divider\">\n\t\t\t<span class=\"elementor-divider-separator\">\n\t\t\t\t\t\t<\/span>\n\t\t<\/div>\n\t\t\t\t\t\t<\/div>\n\t\t\t\t<\/div>\n\t\t\t\t\t<\/div>\n\t\t<\/div>\n\t\t\t\t<div class=\"elementor-column elementor-col-33 elementor-top-column elementor-element elementor-element-c7d187a\" data-id=\"c7d187a\" data-element_type=\"column\" data-e-type=\"column\">\n\t\t\t<div class=\"elementor-widget-wrap elementor-element-populated\">\n\t\t\t\t\t\t<div class=\"elementor-element elementor-element-cf6c3da elementor-widget elementor-widget-elementskit-heading\" data-id=\"cf6c3da\" data-element_type=\"widget\" data-e-type=\"widget\" data-widget_type=\"elementskit-heading.default\">\n\t\t\t\t<div class=\"elementor-widget-container\">\n\t\t\t\t\t<div class=\"ekit-wid-con\" ><div class=\"ekit-heading elementskit-section-title-wraper text_left   ekit_heading_tablet-   ekit_heading_mobile-\"><h2 class=\"ekit-heading--title elementskit-section-title \">3.200<\/h2>\t\t\t\t<div class='ekit-heading__description'>\n\t\t\t\t\t<p>  m\u00b2 Lagerfl\u00e4che im Bau<\/p>\n\t\t\t\t<\/div>\n\t\t\t<\/div><\/div>\t\t\t\t<\/div>\n\t\t\t\t<\/div>\n\t\t\t\t<div class=\"elementor-element elementor-element-21d2285 elementor-widget-divider--view-line elementor-widget elementor-widget-divider\" data-id=\"21d2285\" data-element_type=\"widget\" data-e-type=\"widget\" data-widget_type=\"divider.default\">\n\t\t\t\t<div class=\"elementor-widget-container\">\n\t\t\t\t\t\t\t<div class=\"elementor-divider\">\n\t\t\t<span class=\"elementor-divider-separator\">\n\t\t\t\t\t\t<\/span>\n\t\t<\/div>\n\t\t\t\t\t\t<\/div>\n\t\t\t\t<\/div>\n\t\t\t\t\t<\/div>\n\t\t<\/div>\n\t\t\t\t\t<\/div>\n\t\t<\/section>\n\t\t\t\t<section class=\"elementor-section elementor-top-section elementor-element elementor-element-72dc20d elementor-section-boxed elementor-section-height-default elementor-section-height-default\" data-id=\"72dc20d\" data-element_type=\"section\" data-e-type=\"section\">\n\t\t\t\t\t\t<div class=\"elementor-container elementor-column-gap-default\">\n\t\t\t\t\t<div class=\"elementor-column elementor-col-100 elementor-top-column elementor-element elementor-element-a5b21df\" data-id=\"a5b21df\" data-element_type=\"column\" data-e-type=\"column\">\n\t\t\t<div class=\"elementor-widget-wrap elementor-element-populated\">\n\t\t\t\t\t\t<div class=\"elementor-element elementor-element-3dacb7d elementor-widget elementor-widget-text-editor\" data-id=\"3dacb7d\" data-element_type=\"widget\" data-e-type=\"widget\" data-widget_type=\"text-editor.default\">\n\t\t\t\t<div class=\"elementor-widget-container\">\n\t\t\t\t\t\t\t\t\t<p>Terval verf\u00fcgt \u00fcber eigene Einrichtungen, um unseren Kunden zu helfen, die ben\u00f6tigten Produktmengen sicher, zuverl\u00e4ssig und rechtzeitig zu erhalten.<\/p>\n\t\t\t\t\t\t\t\t<\/div>\n\t\t\t\t<\/div>\n\t\t\t\t\t<\/div>\n\t\t<\/div>\n\t\t\t\t\t<\/div>\n\t\t<\/section>\n\t\t\t\t<section class=\"elementor-section elementor-top-section elementor-element elementor-element-e082ebf elementor-section-boxed elementor-section-height-default elementor-section-height-default\" data-id=\"e082ebf\" data-element_type=\"section\" data-e-type=\"section\" data-settings=\"{&quot;background_background&quot;:&quot;classic&quot;}\">\n\t\t\t\t\t\t\t<div class=\"elementor-background-overlay\"><\/div>\n\t\t\t\t\t\t\t<div class=\"elementor-container elementor-column-gap-default\">\n\t\t\t\t\t<div class=\"elementor-column elementor-col-33 elementor-top-column elementor-element elementor-element-d69003c\" data-id=\"d69003c\" data-element_type=\"column\" data-e-type=\"column\">\n\t\t\t<div class=\"elementor-widget-wrap elementor-element-populated\">\n\t\t\t\t\t\t<section class=\"elementor-section elementor-inner-section elementor-element elementor-element-f2a1e38 elementor-section-boxed elementor-section-height-default elementor-section-height-default\" data-id=\"f2a1e38\" data-element_type=\"section\" data-e-type=\"section\">\n\t\t\t\t\t\t<div class=\"elementor-container elementor-column-gap-default\">\n\t\t\t\t\t<div class=\"elementor-column elementor-col-100 elementor-inner-column elementor-element elementor-element-3f49d43\" data-id=\"3f49d43\" data-element_type=\"column\" data-e-type=\"column\" data-settings=\"{&quot;background_background&quot;:&quot;classic&quot;}\">\n\t\t\t<div class=\"elementor-widget-wrap elementor-element-populated\">\n\t\t\t\t\t<div class=\"elementor-background-overlay\"><\/div>\n\t\t\t\t\t\t<div class=\"elementor-element elementor-element-cb8f0c0 elementor-widget elementor-widget-image\" data-id=\"cb8f0c0\" data-element_type=\"widget\" data-e-type=\"widget\" data-widget_type=\"image.default\">\n\t\t\t\t<div class=\"elementor-widget-container\">\n\t\t\t\t\t\t\t\t\t\t\t\t\t\t\t<img fetchpriority=\"high\" decoding=\"async\" width=\"600\" height=\"300\" src=\"https:\/\/terval.com\/wp-content\/uploads\/2023\/10\/Contact-oycz64kgakdrru95ockhkcdwste9dano4ateocva9k.webp\" class=\"attachment-large size-large wp-image-2904\" alt=\"Stockage de charbon de Terval\" srcset=\"https:\/\/terval.com\/wp-content\/uploads\/2023\/10\/Contact-oycz64kgakdrru95ockhkcdwste9dano4ateocva9k.webp 600w, https:\/\/terval.com\/wp-content\/uploads\/2023\/10\/Contact-oycz64kgakdrru95ockhkcdwste9dano4ateocva9k-300x150.webp 300w\" sizes=\"(max-width: 600px) 100vw, 600px\" \/>\t\t\t\t\t\t\t\t\t\t\t\t\t\t\t<\/div>\n\t\t\t\t<\/div>\n\t\t\t\t<div class=\"elementor-element elementor-element-fb81a21 elementor-widget elementor-widget-elementskit-accordion\" data-id=\"fb81a21\" data-element_type=\"widget\" data-e-type=\"widget\" data-widget_type=\"elementskit-accordion.default\">\n\t\t\t\t<div class=\"elementor-widget-container\">\n\t\t\t\t\t<div class=\"ekit-wid-con\" >\n        <div class=\"elementskit-accordion accoedion-primary\" id=\"accordion-69f08afe2522e\">\n\n            \n                <div class=\"elementskit-card \">\n                    <div class=\"elementskit-card-header\" id=\"primaryHeading-0-fb81a21\">\n                        <a href=\"#collapse-6f4913969f08afe2522e\" class=\"ekit-accordion--toggler elementskit-btn-link collapsed\" data-ekit-toggle=\"collapse\" data-target=\"#Collapse-6f4913969f08afe2522e\" aria-expanded=\"false\" aria-controls=\"Collapse-6f4913969f08afe2522e\">\n                            \n                            <span class=\"ekit-accordion-title\">Speicherung<\/span>\n\n                            \n                                <div class=\"ekit_accordion_icon_group\">\n                                    <div class=\"ekit_accordion_normal_icon\">\n                                        <!-- Normal Icon -->\n\t\t\t\t\t\t\t\t\t\t<i class=\"fas fa-long-arrow-alt-down\"><\/i>                                    <\/div>\n\n                                    <div class=\"ekit_accordion_active_icon\">\n                                        <!-- Active Icon -->\n\t\t\t\t\t\t\t\t\t\t<i class=\"fas fa-long-arrow-alt-up\"><\/i>                                    <\/div>\n                                <\/div>\n\n                            \n                                                    <\/a>\n                    <\/div>\n\n                    <div id=\"Collapse-6f4913969f08afe2522e\" class=\" collapse\" aria-labelledby=\"primaryHeading-0-fb81a21\" data-parent=\"#accordion-69f08afe2522e\">\n\n                        <div class=\"elementskit-card-body ekit-accordion--content\">\n                            <p>Terval verf\u00fcgt \u00fcber 25.000m\u00b2 \u00fcberdachte Lagerfl\u00e4che, von denen 3.200m\u00b2 f\u00fcr 10.000 Tonnen Pellets gewidmet sind. Eine neue Halle ist in Planung und wird die Lagerung von 10-18.000 Tonnen Pellets oder anderen Biomasseprodukten erm\u00f6glichen.<\/p>\n                        <\/div>\n\n                    <\/div>\n\n                <\/div><!-- .elementskit-card END -->\n\n                                        <\/div>\n    <\/div>\t\t\t\t<\/div>\n\t\t\t\t<\/div>\n\t\t\t\t<div class=\"elementor-element elementor-element-e5b355a elementor-widget-divider--view-line elementor-widget elementor-widget-divider\" data-id=\"e5b355a\" data-element_type=\"widget\" data-e-type=\"widget\" data-widget_type=\"divider.default\">\n\t\t\t\t<div class=\"elementor-widget-container\">\n\t\t\t\t\t\t\t<div class=\"elementor-divider\">\n\t\t\t<span class=\"elementor-divider-separator\">\n\t\t\t\t\t\t<\/span>\n\t\t<\/div>\n\t\t\t\t\t\t<\/div>\n\t\t\t\t<\/div>\n\t\t\t\t\t<\/div>\n\t\t<\/div>\n\t\t\t\t\t<\/div>\n\t\t<\/section>\n\t\t\t\t\t<\/div>\n\t\t<\/div>\n\t\t\t\t<div class=\"elementor-column elementor-col-33 elementor-top-column elementor-element elementor-element-481dd4a\" data-id=\"481dd4a\" data-element_type=\"column\" data-e-type=\"column\">\n\t\t\t<div class=\"elementor-widget-wrap elementor-element-populated\">\n\t\t\t\t\t\t<section class=\"elementor-section elementor-inner-section elementor-element elementor-element-93f3527 elementor-section-boxed elementor-section-height-default elementor-section-height-default\" data-id=\"93f3527\" data-element_type=\"section\" data-e-type=\"section\">\n\t\t\t\t\t\t<div class=\"elementor-container elementor-column-gap-default\">\n\t\t\t\t\t<div class=\"elementor-column elementor-col-100 elementor-inner-column elementor-element elementor-element-d3b7281\" data-id=\"d3b7281\" data-element_type=\"column\" data-e-type=\"column\" data-settings=\"{&quot;background_background&quot;:&quot;classic&quot;}\">\n\t\t\t<div class=\"elementor-widget-wrap elementor-element-populated\">\n\t\t\t\t\t<div class=\"elementor-background-overlay\"><\/div>\n\t\t\t\t\t\t<div class=\"elementor-element elementor-element-f3b2e76 elementor-widget elementor-widget-image\" data-id=\"f3b2e76\" data-element_type=\"widget\" data-e-type=\"widget\" data-widget_type=\"image.default\">\n\t\t\t\t<div class=\"elementor-widget-container\">\n\t\t\t\t\t\t\t\t\t\t\t\t\t\t\t<img decoding=\"async\" width=\"600\" height=\"300\" src=\"https:\/\/terval.com\/wp-content\/uploads\/2023\/10\/Stockage21-oycz49twtbueviy3i1pz5b86mgj76saq74hxlpm8jc.webp\" class=\"attachment-large size-large wp-image-2908\" alt=\"Entreprise et rails de train de Terval\" srcset=\"https:\/\/terval.com\/wp-content\/uploads\/2023\/10\/Stockage21-oycz49twtbueviy3i1pz5b86mgj76saq74hxlpm8jc.webp 600w, https:\/\/terval.com\/wp-content\/uploads\/2023\/10\/Stockage21-oycz49twtbueviy3i1pz5b86mgj76saq74hxlpm8jc-300x150.webp 300w\" sizes=\"(max-width: 600px) 100vw, 600px\" \/>\t\t\t\t\t\t\t\t\t\t\t\t\t\t\t<\/div>\n\t\t\t\t<\/div>\n\t\t\t\t<div class=\"elementor-element elementor-element-de14aff elementor-widget elementor-widget-elementskit-accordion\" data-id=\"de14aff\" data-element_type=\"widget\" data-e-type=\"widget\" data-widget_type=\"elementskit-accordion.default\">\n\t\t\t\t<div class=\"elementor-widget-container\">\n\t\t\t\t\t<div class=\"ekit-wid-con\" >\n        <div class=\"elementskit-accordion accoedion-primary\" id=\"accordion-69f08afe26a7d\">\n\n            \n                <div class=\"elementskit-card \">\n                    <div class=\"elementskit-card-header\" id=\"primaryHeading-0-de14aff\">\n                        <a href=\"#collapse-6f4913969f08afe26a7d\" class=\"ekit-accordion--toggler elementskit-btn-link collapsed\" data-ekit-toggle=\"collapse\" data-target=\"#Collapse-6f4913969f08afe26a7d\" aria-expanded=\"false\" aria-controls=\"Collapse-6f4913969f08afe26a7d\">\n                            \n                            <span class=\"ekit-accordion-title\">Tri Modal Terminal<\/span>\n\n                            \n                                <div class=\"ekit_accordion_icon_group\">\n                                    <div class=\"ekit_accordion_normal_icon\">\n                                        <!-- Normal Icon -->\n\t\t\t\t\t\t\t\t\t\t<i class=\"fas fa-long-arrow-alt-down\"><\/i>                                    <\/div>\n\n                                    <div class=\"ekit_accordion_active_icon\">\n                                        <!-- Active Icon -->\n\t\t\t\t\t\t\t\t\t\t<i class=\"fas fa-long-arrow-alt-up\"><\/i>                                    <\/div>\n                                <\/div>\n\n                            \n                                                    <\/a>\n                    <\/div>\n\n                    <div id=\"Collapse-6f4913969f08afe26a7d\" class=\" collapse\" aria-labelledby=\"primaryHeading-0-de14aff\" data-parent=\"#accordion-69f08afe26a7d\">\n\n                        <div class=\"elementskit-card-body ekit-accordion--content\">\n                            <p>Unsere trimodale Logistikplattform ist ideal optimiert f\u00fcr die Lagerung, die Verarbeitung, den Umschlag sowie den Transport aller unserer brennbaren Produkte per Bahn, Binnenschiff und Stra\u00dfe. Unser dreimodales Terminal liegt weniger als 48 Stunden auf dem Wasserweg von den ARA-Seeh\u00e4fen (Amsterdam, Rotterdam und Antwerpen) entfernt sowie nahe der franz\u00f6sischen, deutschen und niederl\u00e4ndischen Grenze \u00fcber Autobahnen. Es erm\u00f6glicht eine qualitativ hochwertige logistische Organisation sowie einen einfachen intermodalen Transport.<\/p>\n                        <\/div>\n\n                    <\/div>\n\n                <\/div><!-- .elementskit-card END -->\n\n                                        <\/div>\n    <\/div>\t\t\t\t<\/div>\n\t\t\t\t<\/div>\n\t\t\t\t<div class=\"elementor-element elementor-element-d54a59f elementor-widget-divider--view-line elementor-widget elementor-widget-divider\" data-id=\"d54a59f\" data-element_type=\"widget\" data-e-type=\"widget\" data-widget_type=\"divider.default\">\n\t\t\t\t<div class=\"elementor-widget-container\">\n\t\t\t\t\t\t\t<div class=\"elementor-divider\">\n\t\t\t<span class=\"elementor-divider-separator\">\n\t\t\t\t\t\t<\/span>\n\t\t<\/div>\n\t\t\t\t\t\t<\/div>\n\t\t\t\t<\/div>\n\t\t\t\t\t<\/div>\n\t\t<\/div>\n\t\t\t\t\t<\/div>\n\t\t<\/section>\n\t\t\t\t\t<\/div>\n\t\t<\/div>\n\t\t\t\t<div class=\"elementor-column elementor-col-33 elementor-top-column elementor-element elementor-element-387caa6\" data-id=\"387caa6\" data-element_type=\"column\" data-e-type=\"column\">\n\t\t\t<div class=\"elementor-widget-wrap elementor-element-populated\">\n\t\t\t\t\t\t<section class=\"elementor-section elementor-inner-section elementor-element elementor-element-ad84ce8 elementor-section-boxed elementor-section-height-default elementor-section-height-default\" data-id=\"ad84ce8\" data-element_type=\"section\" data-e-type=\"section\">\n\t\t\t\t\t\t<div class=\"elementor-container elementor-column-gap-default\">\n\t\t\t\t\t<div class=\"elementor-column elementor-col-100 elementor-inner-column elementor-element elementor-element-561ce98\" data-id=\"561ce98\" data-element_type=\"column\" data-e-type=\"column\" data-settings=\"{&quot;background_background&quot;:&quot;classic&quot;}\">\n\t\t\t<div class=\"elementor-widget-wrap elementor-element-populated\">\n\t\t\t\t\t<div class=\"elementor-background-overlay\"><\/div>\n\t\t\t\t\t\t<div class=\"elementor-element elementor-element-f693fc1 elementor-widget elementor-widget-image\" data-id=\"f693fc1\" data-element_type=\"widget\" data-e-type=\"widget\" data-widget_type=\"image.default\">\n\t\t\t\t<div class=\"elementor-widget-container\">\n\t\t\t\t\t\t\t\t\t\t\t\t\t\t\t<img decoding=\"async\" width=\"600\" height=\"300\" src=\"https:\/\/terval.com\/wp-content\/uploads\/2023\/10\/Analyse-oycz5jw047lgof3713mp1hlrqc86nydkpggq49py2g.webp\" class=\"attachment-large size-large wp-image-2900\" alt=\"Analyse Microscopique\" srcset=\"https:\/\/terval.com\/wp-content\/uploads\/2023\/10\/Analyse-oycz5jw047lgof3713mp1hlrqc86nydkpggq49py2g.webp 600w, https:\/\/terval.com\/wp-content\/uploads\/2023\/10\/Analyse-oycz5jw047lgof3713mp1hlrqc86nydkpggq49py2g-300x150.webp 300w\" sizes=\"(max-width: 600px) 100vw, 600px\" \/>\t\t\t\t\t\t\t\t\t\t\t\t\t\t\t<\/div>\n\t\t\t\t<\/div>\n\t\t\t\t<div class=\"elementor-element elementor-element-d09c62e elementor-widget elementor-widget-elementskit-accordion\" data-id=\"d09c62e\" data-element_type=\"widget\" data-e-type=\"widget\" data-widget_type=\"elementskit-accordion.default\">\n\t\t\t\t<div class=\"elementor-widget-container\">\n\t\t\t\t\t<div class=\"ekit-wid-con\" >\n        <div class=\"elementskit-accordion accoedion-primary\" id=\"accordion-69f08afe2828e\">\n\n            \n                <div class=\"elementskit-card \">\n                    <div class=\"elementskit-card-header\" id=\"primaryHeading-0-d09c62e\">\n                        <a href=\"#collapse-6f4913969f08afe2828e\" class=\"ekit-accordion--toggler elementskit-btn-link collapsed\" data-ekit-toggle=\"collapse\" data-target=\"#Collapse-6f4913969f08afe2828e\" aria-expanded=\"false\" aria-controls=\"Collapse-6f4913969f08afe2828e\">\n                            \n                            <span class=\"ekit-accordion-title\">Analyse<\/span>\n\n                            \n                                <div class=\"ekit_accordion_icon_group\">\n                                    <div class=\"ekit_accordion_normal_icon\">\n                                        <!-- Normal Icon -->\n\t\t\t\t\t\t\t\t\t\t<i class=\"fas fa-long-arrow-alt-down\"><\/i>                                    <\/div>\n\n                                    <div class=\"ekit_accordion_active_icon\">\n                                        <!-- Active Icon -->\n\t\t\t\t\t\t\t\t\t\t<i class=\"fas fa-long-arrow-alt-up\"><\/i>                                    <\/div>\n                                <\/div>\n\n                            \n                                                    <\/a>\n                    <\/div>\n\n                    <div id=\"Collapse-6f4913969f08afe2828e\" class=\" collapse\" aria-labelledby=\"primaryHeading-0-d09c62e\" data-parent=\"#accordion-69f08afe2828e\">\n\n                        <div class=\"elementskit-card-body ekit-accordion--content\">\n                            <p>Terval verf\u00fcgt \u00fcber ein eigenes Labor. Die Qualit\u00e4t jeder Anlieferung und jedes Kohleausgangs wird systematisch von uns selbst kontrolliert. Ein regelm\u00e4\u00dfiger Vergleich der Ergebnisse mit denen unabh\u00e4ngiger Labore wird durchgef\u00fchrt, um die Zuverl\u00e4ssigkeit der Analysen zu gew\u00e4hrleisten. Die durchgef\u00fchrten Analysen sind wie folgt: Heizwert, Feuchtigkeit, Schwefel, fl\u00fcchtige Bestandteile, Asche, Kohlenstoff, Chlor sowie die Korngr\u00f6\u00dfenverteilung.<\/p>\n                        <\/div>\n\n                    <\/div>\n\n                <\/div><!-- .elementskit-card END -->\n\n                                        <\/div>\n    <\/div>\t\t\t\t<\/div>\n\t\t\t\t<\/div>\n\t\t\t\t<div class=\"elementor-element elementor-element-378d322 elementor-widget-divider--view-line elementor-widget elementor-widget-divider\" data-id=\"378d322\" data-element_type=\"widget\" data-e-type=\"widget\" data-widget_type=\"divider.default\">\n\t\t\t\t<div class=\"elementor-widget-container\">\n\t\t\t\t\t\t\t<div class=\"elementor-divider\">\n\t\t\t<span class=\"elementor-divider-separator\">\n\t\t\t\t\t\t<\/span>\n\t\t<\/div>\n\t\t\t\t\t\t<\/div>\n\t\t\t\t<\/div>\n\t\t\t\t\t<\/div>\n\t\t<\/div>\n\t\t\t\t\t<\/div>\n\t\t<\/section>\n\t\t\t\t\t<\/div>\n\t\t<\/div>\n\t\t\t\t\t<\/div>\n\t\t<\/section>\n\t\t\t\t<section class=\"elementor-section elementor-top-section elementor-element elementor-element-46b9554 elementor-section-boxed elementor-section-height-default elementor-section-height-default\" data-id=\"46b9554\" data-element_type=\"section\" data-e-type=\"section\" data-settings=\"{&quot;background_background&quot;:&quot;classic&quot;}\">\n\t\t\t\t\t\t\t<div class=\"elementor-background-overlay\"><\/div>\n\t\t\t\t\t\t\t<div class=\"elementor-container elementor-column-gap-default\">\n\t\t\t\t\t<div class=\"elementor-column elementor-col-100 elementor-top-column elementor-element elementor-element-966826e elementor-invisible\" data-id=\"966826e\" data-element_type=\"column\" data-e-type=\"column\" data-settings=\"{&quot;animation&quot;:&quot;fadeIn&quot;,&quot;animation_delay&quot;:360}\">\n\t\t\t<div class=\"elementor-widget-wrap elementor-element-populated\">\n\t\t\t\t\t\t<div class=\"elementor-element elementor-element-08537b3 elementor-align-center elementor-widget elementor-widget-button\" data-id=\"08537b3\" data-element_type=\"widget\" data-e-type=\"widget\" data-widget_type=\"button.default\">\n\t\t\t\t<div class=\"elementor-widget-container\">\n\t\t\t\t\t\t\t\t\t<div class=\"elementor-button-wrapper\">\n\t\t\t\t\t<a class=\"elementor-button elementor-button-link elementor-size-sm\" href=\"https:\/\/terval.com\/de\/kontakt\/\">\n\t\t\t\t\t\t<span class=\"elementor-button-content-wrapper\">\n\t\t\t\t\t\t\t\t\t<span class=\"elementor-button-text\">Kontaktieren Sie uns<\/span>\n\t\t\t\t\t<\/span>\n\t\t\t\t\t<\/a>\n\t\t\t\t<\/div>\n\t\t\t\t\t\t\t\t<\/div>\n\t\t\t\t<\/div>\n\t\t\t\t\t<\/div>\n\t\t<\/div>\n\t\t\t\t\t<\/div>\n\t\t<\/section>\n\t\t\t\t<\/div>\n\t\t","protected":false},"excerpt":{"rendered":"<p>\u00dcberdachte Lagerhaltung &amp; Logistikservice 150.000 m\u00b2 Lagerraum 25.000 m\u00b2 \u00fcberdachte Lagerfl\u00e4che 3.200 m\u00b2 Lagerfl\u00e4che im Bau Terval verf\u00fcgt \u00fcber eigene Einrichtungen, um unseren Kunden zu helfen, die ben\u00f6tigten Produktmengen sicher, zuverl\u00e4ssig und rechtzeitig zu erhalten. Speicherung Terval verf\u00fcgt \u00fcber 25.000m\u00b2 \u00fcberdachte Lagerfl\u00e4che, von denen 3.200m\u00b2 f\u00fcr 10.000 Tonnen Pellets gewidmet sind. Eine neue Halle ist [&hellip;]<\/p>\n","protected":false},"author":2,"featured_media":0,"parent":0,"menu_order":0,"comment_status":"closed","ping_status":"closed","template":"","meta":{"footnotes":""},"class_list":["post-3133","page","type-page","status-publish","hentry"],"_links":{"self":[{"href":"https:\/\/terval.com\/de\/wp-json\/wp\/v2\/pages\/3133","targetHints":{"allow":["GET"]}}],"collection":[{"href":"https:\/\/terval.com\/de\/wp-json\/wp\/v2\/pages"}],"about":[{"href":"https:\/\/terval.com\/de\/wp-json\/wp\/v2\/types\/page"}],"author":[{"embeddable":true,"href":"https:\/\/terval.com\/de\/wp-json\/wp\/v2\/users\/2"}],"replies":[{"embeddable":true,"href":"https:\/\/terval.com\/de\/wp-json\/wp\/v2\/comments?post=3133"}],"version-history":[{"count":10,"href":"https:\/\/terval.com\/de\/wp-json\/wp\/v2\/pages\/3133\/revisions"}],"predecessor-version":[{"id":3662,"href":"https:\/\/terval.com\/de\/wp-json\/wp\/v2\/pages\/3133\/revisions\/3662"}],"wp:attachment":[{"href":"https:\/\/terval.com\/de\/wp-json\/wp\/v2\/media?parent=3133"}],"curies":[{"name":"wp","href":"https:\/\/api.w.org\/{rel}","templated":true}]}}