{"id":3139,"date":"2023-09-15T15:12:22","date_gmt":"2023-09-15T13:12:22","guid":{"rendered":"https:\/\/terval.com\/risk-management-environmental-products\/"},"modified":"2023-11-22T09:39:05","modified_gmt":"2023-11-22T08:39:05","slug":"risikomanagement-umweltprodukte","status":"publish","type":"page","link":"https:\/\/terval.com\/de\/risikomanagement-umweltprodukte\/","title":{"rendered":"Risikomanagement &#038; Umweltprodukte"},"content":{"rendered":"\t\t<div data-elementor-type=\"wp-page\" data-elementor-id=\"3139\" class=\"elementor elementor-3139 elementor-854\" data-elementor-post-type=\"page\">\n\t\t\t\t\t\t<section class=\"elementor-section elementor-top-section elementor-element elementor-element-d8ea075 elementor-section-boxed elementor-section-height-default elementor-section-height-default\" data-id=\"d8ea075\" data-element_type=\"section\" data-e-type=\"section\" data-settings=\"{&quot;background_background&quot;:&quot;classic&quot;}\">\n\t\t\t\t\t\t\t<div class=\"elementor-background-overlay\"><\/div>\n\t\t\t\t\t\t\t<div class=\"elementor-container elementor-column-gap-default\">\n\t\t\t\t\t<div class=\"elementor-column elementor-col-100 elementor-top-column elementor-element elementor-element-90c7668\" data-id=\"90c7668\" data-element_type=\"column\" data-e-type=\"column\">\n\t\t\t<div class=\"elementor-widget-wrap elementor-element-populated\">\n\t\t\t\t\t\t<div class=\"elementor-element elementor-element-ca34810 elementor-widget elementor-widget-heading\" data-id=\"ca34810\" data-element_type=\"widget\" data-e-type=\"widget\" data-widget_type=\"heading.default\">\n\t\t\t\t<div class=\"elementor-widget-container\">\n\t\t\t\t\t<h1 class=\"elementor-heading-title elementor-size-default\">Risk Management\n&amp; Umweltprodukt<\/h1>\t\t\t\t<\/div>\n\t\t\t\t<\/div>\n\t\t\t\t\t<\/div>\n\t\t<\/div>\n\t\t\t\t\t<\/div>\n\t\t<\/section>\n\t\t\t\t<section class=\"elementor-section elementor-top-section elementor-element elementor-element-6868ad5 elementor-section-boxed elementor-section-height-default elementor-section-height-default\" data-id=\"6868ad5\" data-element_type=\"section\" data-e-type=\"section\">\n\t\t\t\t\t\t<div class=\"elementor-container elementor-column-gap-default\">\n\t\t\t\t\t<div class=\"elementor-column elementor-col-100 elementor-top-column elementor-element elementor-element-bb1c3fb\" data-id=\"bb1c3fb\" data-element_type=\"column\" data-e-type=\"column\">\n\t\t\t<div class=\"elementor-widget-wrap elementor-element-populated\">\n\t\t\t\t\t\t<div class=\"elementor-element elementor-element-8971ceb elementor-widget elementor-widget-text-editor\" data-id=\"8971ceb\" data-element_type=\"widget\" data-e-type=\"widget\" data-widget_type=\"text-editor.default\">\n\t\t\t\t<div class=\"elementor-widget-container\">\n\t\t\t\t\t\t\t\t\t<p>Terval verf\u00fcgt \u00fcber umfassende Erfahrung mit Absicherungs- und Ausf\u00fchrungsmethoden, was bedeutet, dass wir eine Absicherungsstrategie anbieten k\u00f6nnen, die auf die Bed\u00fcrfnisse unserer Gegenparteien zugeschnitten ist. T\u00e4glich aktiv, verwalten wir das Marktrisiko und k\u00f6nnen Schutz vor \u00fcberm\u00e4\u00dfigen Schwankungen bieten, indem wir verschiedene Strategien mit Futures und Swaps anwenden.<\/p><p>In der sich st\u00e4ndig ver\u00e4ndernden Landschaft des \u00f6kologischen Wandels engagiert sich Terval auch auf den Kohlenstoffm\u00e4rkten. Wir sind in der Lage, Zugang zu den Kohlenstoffm\u00e4rkten zu bieten und unseren Kunden bei der Erstellung ihres individuellen Kohlenstoffemissionsprofils zu helfen.<\/p><p>Terval ist auch dabei, seine Pr\u00e4senz auf den M\u00e4rkten f\u00fcr Herkunftsnachweise (GO) und CO2-Kompensationsprodukte auszubauen, um seinen Partnern mehr Instrumente zur Verf\u00fcgung zu stellen.<\/p><div>\u00a0<\/div>\t\t\t\t\t\t\t\t<\/div>\n\t\t\t\t<\/div>\n\t\t\t\t\t<\/div>\n\t\t<\/div>\n\t\t\t\t\t<\/div>\n\t\t<\/section>\n\t\t\t\t<section class=\"elementor-section elementor-top-section elementor-element elementor-element-48f9526 elementor-section-boxed elementor-section-height-default elementor-section-height-default\" data-id=\"48f9526\" data-element_type=\"section\" data-e-type=\"section\" data-settings=\"{&quot;background_background&quot;:&quot;classic&quot;}\">\n\t\t\t\t\t\t\t<div class=\"elementor-background-overlay\"><\/div>\n\t\t\t\t\t\t\t<div class=\"elementor-container elementor-column-gap-default\">\n\t\t\t\t\t<div class=\"elementor-column elementor-col-100 elementor-top-column elementor-element elementor-element-92129f9 elementor-invisible\" data-id=\"92129f9\" data-element_type=\"column\" data-e-type=\"column\" data-settings=\"{&quot;animation&quot;:&quot;fadeIn&quot;,&quot;animation_delay&quot;:360}\">\n\t\t\t<div class=\"elementor-widget-wrap elementor-element-populated\">\n\t\t\t\t\t\t<div class=\"elementor-element elementor-element-91e2741 elementor-align-center elementor-widget elementor-widget-button\" data-id=\"91e2741\" data-element_type=\"widget\" data-e-type=\"widget\" data-widget_type=\"button.default\">\n\t\t\t\t<div class=\"elementor-widget-container\">\n\t\t\t\t\t\t\t\t\t<div class=\"elementor-button-wrapper\">\n\t\t\t\t\t<a class=\"elementor-button elementor-button-link elementor-size-sm\" href=\"https:\/\/terval.com\/de\/kontakt\/\">\n\t\t\t\t\t\t<span class=\"elementor-button-content-wrapper\">\n\t\t\t\t\t\t\t\t\t<span class=\"elementor-button-text\">Kontaktieren Sie uns<\/span>\n\t\t\t\t\t<\/span>\n\t\t\t\t\t<\/a>\n\t\t\t\t<\/div>\n\t\t\t\t\t\t\t\t<\/div>\n\t\t\t\t<\/div>\n\t\t\t\t\t<\/div>\n\t\t<\/div>\n\t\t\t\t\t<\/div>\n\t\t<\/section>\n\t\t\t\t<\/div>\n\t\t","protected":false},"excerpt":{"rendered":"<p>Risk Management &amp; Umweltprodukt Terval verf\u00fcgt \u00fcber umfassende Erfahrung mit Absicherungs- und Ausf\u00fchrungsmethoden, was bedeutet, dass wir eine Absicherungsstrategie anbieten k\u00f6nnen, die auf die Bed\u00fcrfnisse unserer Gegenparteien zugeschnitten ist. T\u00e4glich aktiv, verwalten wir das Marktrisiko und k\u00f6nnen Schutz vor \u00fcberm\u00e4\u00dfigen Schwankungen bieten, indem wir verschiedene Strategien mit Futures und Swaps anwenden. In der sich st\u00e4ndig [&hellip;]<\/p>\n","protected":false},"author":2,"featured_media":0,"parent":0,"menu_order":0,"comment_status":"closed","ping_status":"closed","template":"","meta":{"footnotes":""},"class_list":["post-3139","page","type-page","status-publish","hentry"],"_links":{"self":[{"href":"https:\/\/terval.com\/de\/wp-json\/wp\/v2\/pages\/3139","targetHints":{"allow":["GET"]}}],"collection":[{"href":"https:\/\/terval.com\/de\/wp-json\/wp\/v2\/pages"}],"about":[{"href":"https:\/\/terval.com\/de\/wp-json\/wp\/v2\/types\/page"}],"author":[{"embeddable":true,"href":"https:\/\/terval.com\/de\/wp-json\/wp\/v2\/users\/2"}],"replies":[{"embeddable":true,"href":"https:\/\/terval.com\/de\/wp-json\/wp\/v2\/comments?post=3139"}],"version-history":[{"count":11,"href":"https:\/\/terval.com\/de\/wp-json\/wp\/v2\/pages\/3139\/revisions"}],"predecessor-version":[{"id":3659,"href":"https:\/\/terval.com\/de\/wp-json\/wp\/v2\/pages\/3139\/revisions\/3659"}],"wp:attachment":[{"href":"https:\/\/terval.com\/de\/wp-json\/wp\/v2\/media?parent=3139"}],"curies":[{"name":"wp","href":"https:\/\/api.w.org\/{rel}","templated":true}]}}