{"id":4370,"date":"2025-04-25T11:23:11","date_gmt":"2025-04-25T09:23:11","guid":{"rendered":"https:\/\/terval.com\/?page_id=4370"},"modified":"2025-11-14T10:29:36","modified_gmt":"2025-11-14T09:29:36","slug":"zertifizierungen","status":"publish","type":"page","link":"https:\/\/terval.com\/de\/zertifizierungen\/","title":{"rendered":"Zertifizierungen"},"content":{"rendered":"\t\t<div data-elementor-type=\"wp-page\" data-elementor-id=\"4370\" class=\"elementor elementor-4370 elementor-4102\" data-elementor-post-type=\"page\">\n\t\t\t\t\t\t<section class=\"elementor-section elementor-top-section elementor-element elementor-element-7f19d71 elementor-section-boxed elementor-section-height-default elementor-section-height-default\" data-id=\"7f19d71\" data-element_type=\"section\" data-e-type=\"section\" data-settings=\"{&quot;background_background&quot;:&quot;classic&quot;}\">\n\t\t\t\t\t\t\t<div class=\"elementor-background-overlay\"><\/div>\n\t\t\t\t\t\t\t<div class=\"elementor-container elementor-column-gap-default\">\n\t\t\t\t\t<div class=\"elementor-column elementor-col-100 elementor-top-column elementor-element elementor-element-0f62efa\" data-id=\"0f62efa\" data-element_type=\"column\" data-e-type=\"column\">\n\t\t\t<div class=\"elementor-widget-wrap elementor-element-populated\">\n\t\t\t\t\t\t<div class=\"elementor-element elementor-element-b213e98 elementor-widget__width-auto elementor-widget elementor-widget-heading\" data-id=\"b213e98\" data-element_type=\"widget\" data-e-type=\"widget\" data-widget_type=\"heading.default\">\n\t\t\t\t<div class=\"elementor-widget-container\">\n\t\t\t\t\t<h1 class=\"elementor-heading-title elementor-size-default\">Zertifizierungen<\/h1>\t\t\t\t<\/div>\n\t\t\t\t<\/div>\n\t\t\t\t\t<\/div>\n\t\t<\/div>\n\t\t\t\t\t<\/div>\n\t\t<\/section>\n\t\t\t\t<section class=\"elementor-section elementor-top-section elementor-element elementor-element-4ea1403 elementor-section-boxed elementor-section-height-default elementor-section-height-default\" data-id=\"4ea1403\" data-element_type=\"section\" data-e-type=\"section\">\n\t\t\t\t\t\t<div class=\"elementor-container elementor-column-gap-default\">\n\t\t\t\t\t<div class=\"elementor-column elementor-col-50 elementor-top-column elementor-element elementor-element-81369b8\" data-id=\"81369b8\" data-element_type=\"column\" data-e-type=\"column\" data-settings=\"{&quot;background_background&quot;:&quot;classic&quot;}\">\n\t\t\t<div class=\"elementor-widget-wrap elementor-element-populated\">\n\t\t\t\t\t<div class=\"elementor-background-overlay\"><\/div>\n\t\t\t\t\t\t<div class=\"elementor-element elementor-element-1745885 elementor-widget elementor-widget-heading\" data-id=\"1745885\" data-element_type=\"widget\" data-e-type=\"widget\" data-widget_type=\"heading.default\">\n\t\t\t\t<div class=\"elementor-widget-container\">\n\t\t\t\t\t<h2 class=\"elementor-heading-title elementor-size-default\">Selbstverpflichtungserkl\u00e4rung<\/h2>\t\t\t\t<\/div>\n\t\t\t\t<\/div>\n\t\t\t\t<div class=\"elementor-element elementor-element-eb19d2f elementor-widget elementor-widget-text-editor\" data-id=\"eb19d2f\" data-element_type=\"widget\" data-e-type=\"widget\" data-widget_type=\"text-editor.default\">\n\t\t\t\t<div class=\"elementor-widget-container\">\n\t\t\t\t\t\t\t\t\t<p><em>Terval SA verfolgt aktiv Initiativen zur F\u00f6rderung nachhaltiger Biomassepraktiken.<\/em><\/p><p><em>Unser Unternehmen verpflichtet sich, die Anforderungen der EU-Richtlinie f\u00fcr erneuerbare Energien von 2008 (REDII) und die normativen Dokumente der Zertifizierungssysteme zu erf\u00fcllen. Wir verwalten unsere Daten und Massenbilanzkonten in \u00dcbereinstimmung mit den Grunds\u00e4tzen und Anforderungen der REDII, um einen r\u00fcckverfolgbaren Fluss von nachhaltiger Biomasse zu gew\u00e4hrleisten.<\/em><\/p><p><em>In unserem Unternehmen setzen wir auf eine enge Zusammenarbeit mit verantwortungsbewussten Interessengruppen und Gesch\u00e4ftspartnern. Wir verfolgen aktiv die Entwicklungen im Bereich neuer Vorschriften und Vereinbarungen zur Nachhaltigkeit und Legalit\u00e4t von Holzressourcen und arbeiten auf vielf\u00e4ltige Weise mit den Beteiligten zusammen.<\/em><\/p><p><em>Wir laden Sie herzlich ein, sich mit uns in Verbindung zu setzen, wenn Sie weitere Informationen \u00fcber unsere Unternehmens- und Gesch\u00e4ftspolitik w\u00fcnschen oder wenn Sie Bedenken bez\u00fcglich unserer Gesch\u00e4ftst\u00e4tigkeit oder Lieferketten haben.<\/em><\/p>\t\t\t\t\t\t\t\t<\/div>\n\t\t\t\t<\/div>\n\t\t\t\t\t<\/div>\n\t\t<\/div>\n\t\t\t\t<div class=\"elementor-column elementor-col-50 elementor-top-column elementor-element elementor-element-fd2fd68\" data-id=\"fd2fd68\" data-element_type=\"column\" data-e-type=\"column\">\n\t\t\t<div class=\"elementor-widget-wrap elementor-element-populated\">\n\t\t\t\t\t\t<div class=\"elementor-element elementor-element-21b78d1 elementor-hidden-mobile elementor-widget elementor-widget-image\" data-id=\"21b78d1\" data-element_type=\"widget\" data-e-type=\"widget\" data-widget_type=\"image.default\">\n\t\t\t\t<div class=\"elementor-widget-container\">\n\t\t\t\t\t\t\t\t\t\t\t\t\t\t\t<img fetchpriority=\"high\" decoding=\"async\" width=\"1834\" height=\"2000\" src=\"https:\/\/terval.com\/wp-content\/uploads\/2025\/05\/Terval-certifications_V2-LIGHT-GREEN.png\" class=\"attachment-full size-full wp-image-4235\" alt=\"\" srcset=\"https:\/\/terval.com\/wp-content\/uploads\/2025\/05\/Terval-certifications_V2-LIGHT-GREEN.png 1834w, https:\/\/terval.com\/wp-content\/uploads\/2025\/05\/Terval-certifications_V2-LIGHT-GREEN-275x300.png 275w, https:\/\/terval.com\/wp-content\/uploads\/2025\/05\/Terval-certifications_V2-LIGHT-GREEN-939x1024.png 939w, https:\/\/terval.com\/wp-content\/uploads\/2025\/05\/Terval-certifications_V2-LIGHT-GREEN-768x838.png 768w, https:\/\/terval.com\/wp-content\/uploads\/2025\/05\/Terval-certifications_V2-LIGHT-GREEN-1409x1536.png 1409w\" sizes=\"(max-width: 1834px) 100vw, 1834px\">\t\t\t\t\t\t\t\t\t\t\t\t\t\t\t<\/div>\n\t\t\t\t<\/div>\n\t\t\t\t\t<\/div>\n\t\t<\/div>\n\t\t\t\t\t<\/div>\n\t\t<\/section>\n\t\t\t\t<section class=\"elementor-section elementor-top-section elementor-element elementor-element-3e5bf48 elementor-section-boxed elementor-section-height-default elementor-section-height-default\" data-id=\"3e5bf48\" data-element_type=\"section\" data-e-type=\"section\">\n\t\t\t\t\t\t<div class=\"elementor-container elementor-column-gap-default\">\n\t\t\t\t\t<div class=\"elementor-column elementor-col-100 elementor-top-column elementor-element elementor-element-9167c57\" data-id=\"9167c57\" data-element_type=\"column\" data-e-type=\"column\">\n\t\t\t<div class=\"elementor-widget-wrap elementor-element-populated\">\n\t\t\t\t\t\t<section class=\"elementor-section elementor-inner-section elementor-element elementor-element-4d8c1bb test elementor-section-boxed elementor-section-height-default elementor-section-height-default\" data-id=\"4d8c1bb\" data-element_type=\"section\" data-e-type=\"section\">\n\t\t\t\t\t\t<div class=\"elementor-container elementor-column-gap-default\">\n\t\t\t\t\t<div class=\"elementor-column elementor-col-33 elementor-inner-column elementor-element elementor-element-b2d935c contact-list\" data-id=\"b2d935c\" data-element_type=\"column\" data-e-type=\"column\">\n\t\t\t<div class=\"elementor-widget-wrap elementor-element-populated\">\n\t\t\t\t\t\t<div class=\"elementor-element elementor-element-4924f9b elementor-position-top elementor-widget elementor-widget-image-box\" data-id=\"4924f9b\" data-element_type=\"widget\" data-e-type=\"widget\" data-widget_type=\"image-box.default\">\n\t\t\t\t<div class=\"elementor-widget-container\">\n\t\t\t\t\t<div class=\"elementor-image-box-wrapper\"><figure class=\"elementor-image-box-img\"><img decoding=\"async\" width=\"340\" height=\"200\" src=\"https:\/\/terval.com\/wp-content\/uploads\/2025\/04\/Logo-SBP.png\" class=\"attachment-full size-full wp-image-4123\" alt=\"\" srcset=\"https:\/\/terval.com\/wp-content\/uploads\/2025\/04\/Logo-SBP.png 340w, https:\/\/terval.com\/wp-content\/uploads\/2025\/04\/Logo-SBP-300x176.png 300w\" sizes=\"(max-width: 340px) 100vw, 340px\" \/><\/figure><div class=\"elementor-image-box-content\"><h3 class=\"elementor-image-box-title\">H\u00f6lzerne Biomasse<\/h3><\/div><\/div>\t\t\t\t<\/div>\n\t\t\t\t<\/div>\n\t\t\t\t<div class=\"elementor-element elementor-element-90960d4 elementor-align-start elementor-icon-list--layout-traditional elementor-list-item-link-full_width elementor-widget elementor-widget-icon-list\" data-id=\"90960d4\" data-element_type=\"widget\" data-e-type=\"widget\" data-widget_type=\"icon-list.default\">\n\t\t\t\t<div class=\"elementor-widget-container\">\n\t\t\t\t\t\t\t<ul class=\"elementor-icon-list-items\">\n\t\t\t\t\t\t\t<li class=\"elementor-icon-list-item\">\n\t\t\t\t\t\t\t\t\t\t\t<a href=\"https:\/\/terval.com\/wp-content\/uploads\/2025\/04\/2024-10-14_SBP-SA-Certificate.pdf\" target=\"_blank\">\n\n\t\t\t\t\t\t\t\t\t\t\t\t<span class=\"elementor-icon-list-icon\">\n\t\t\t\t\t\t\t<i aria-hidden=\"true\" class=\"fas fa-certificate\"><\/i>\t\t\t\t\t\t<\/span>\n\t\t\t\t\t\t\t\t\t\t<span class=\"elementor-icon-list-text\"><u>Terval SA Zertifikat <\/u><\/span>\n\t\t\t\t\t\t\t\t\t\t\t<\/a>\n\t\t\t\t\t\t\t\t\t<\/li>\n\t\t\t\t\t\t\t\t<li class=\"elementor-icon-list-item\">\n\t\t\t\t\t\t\t\t\t\t\t<a href=\"https:\/\/terval.com\/wp-content\/uploads\/2025\/04\/2024-09-26_SBP-SARL-Certificate.pdf\" target=\"_blank\">\n\n\t\t\t\t\t\t\t\t\t\t\t\t<span class=\"elementor-icon-list-icon\">\n\t\t\t\t\t\t\t<i aria-hidden=\"true\" class=\"fas fa-certificate\"><\/i>\t\t\t\t\t\t<\/span>\n\t\t\t\t\t\t\t\t\t\t<span class=\"elementor-icon-list-text\"><u>Terval France SARL Zertifikat  <\/u><\/span>\n\t\t\t\t\t\t\t\t\t\t\t<\/a>\n\t\t\t\t\t\t\t\t\t<\/li>\n\t\t\t\t\t\t\t\t<li class=\"elementor-icon-list-item\">\n\t\t\t\t\t\t\t\t\t\t\t<a href=\"https:\/\/terval.com\/wp-content\/uploads\/2025\/04\/2024-10-01_SBP-GmbH-Certificate.pdf\" target=\"_blank\">\n\n\t\t\t\t\t\t\t\t\t\t\t\t<span class=\"elementor-icon-list-icon\">\n\t\t\t\t\t\t\t<i aria-hidden=\"true\" class=\"fas fa-certificate\"><\/i>\t\t\t\t\t\t<\/span>\n\t\t\t\t\t\t\t\t\t\t<span class=\"elementor-icon-list-text\"><u>Terval GmbH Zertifikat  <\/u><\/span>\n\t\t\t\t\t\t\t\t\t\t\t<\/a>\n\t\t\t\t\t\t\t\t\t<\/li>\n\t\t\t\t\t\t<\/ul>\n\t\t\t\t\t\t<\/div>\n\t\t\t\t<\/div>\n\t\t\t\t\t<\/div>\n\t\t<\/div>\n\t\t\t\t<div class=\"elementor-column elementor-col-33 elementor-inner-column elementor-element elementor-element-bc9d531 contact-list\" data-id=\"bc9d531\" data-element_type=\"column\" data-e-type=\"column\">\n\t\t\t<div class=\"elementor-widget-wrap elementor-element-populated\">\n\t\t\t\t\t\t<div class=\"elementor-element elementor-element-9dfcdf4 elementor-position-top elementor-widget elementor-widget-image-box\" data-id=\"9dfcdf4\" data-element_type=\"widget\" data-e-type=\"widget\" data-widget_type=\"image-box.default\">\n\t\t\t\t<div class=\"elementor-widget-container\">\n\t\t\t\t\t<div class=\"elementor-image-box-wrapper\"><figure class=\"elementor-image-box-img\"><img decoding=\"async\" width=\"340\" height=\"200\" src=\"https:\/\/terval.com\/wp-content\/uploads\/2025\/04\/Logo-Sure.png\" class=\"attachment-full size-full wp-image-4127\" alt=\"\" srcset=\"https:\/\/terval.com\/wp-content\/uploads\/2025\/04\/Logo-Sure.png 340w, https:\/\/terval.com\/wp-content\/uploads\/2025\/04\/Logo-Sure-300x176.png 300w\" sizes=\"(max-width: 340px) 100vw, 340px\" \/><\/figure><div class=\"elementor-image-box-content\"><h3 class=\"elementor-image-box-title\">Agro-Biomass<\/h3><\/div><\/div>\t\t\t\t<\/div>\n\t\t\t\t<\/div>\n\t\t\t\t<div class=\"elementor-element elementor-element-3efe47f elementor-align-start elementor-icon-list--layout-traditional elementor-list-item-link-full_width elementor-widget elementor-widget-icon-list\" data-id=\"3efe47f\" data-element_type=\"widget\" data-e-type=\"widget\" data-widget_type=\"icon-list.default\">\n\t\t\t\t<div class=\"elementor-widget-container\">\n\t\t\t\t\t\t\t<ul class=\"elementor-icon-list-items\">\n\t\t\t\t\t\t\t<li class=\"elementor-icon-list-item\">\n\t\t\t\t\t\t\t\t\t\t\t<a href=\"https:\/\/terval.com\/wp-content\/uploads\/2025\/04\/2024-09-26_SURE-SA-Certificate.pdf\" target=\"_blank\">\n\n\t\t\t\t\t\t\t\t\t\t\t\t<span class=\"elementor-icon-list-icon\">\n\t\t\t\t\t\t\t<i aria-hidden=\"true\" class=\"fas fa-certificate\"><\/i>\t\t\t\t\t\t<\/span>\n\t\t\t\t\t\t\t\t\t\t<span class=\"elementor-icon-list-text\"><u>Terval SA Zertifikat <\/u><\/span>\n\t\t\t\t\t\t\t\t\t\t\t<\/a>\n\t\t\t\t\t\t\t\t\t<\/li>\n\t\t\t\t\t\t\t\t<li class=\"elementor-icon-list-item\">\n\t\t\t\t\t\t\t\t\t\t\t<a href=\"https:\/\/terval.com\/wp-content\/uploads\/2025\/04\/2024-09-26_SURE-SARL-Certificate.pdf\" target=\"_blank\">\n\n\t\t\t\t\t\t\t\t\t\t\t\t<span class=\"elementor-icon-list-icon\">\n\t\t\t\t\t\t\t<i aria-hidden=\"true\" class=\"fas fa-certificate\"><\/i>\t\t\t\t\t\t<\/span>\n\t\t\t\t\t\t\t\t\t\t<span class=\"elementor-icon-list-text\"><u>Terval France SARL Zertifikat <\/u><\/span>\n\t\t\t\t\t\t\t\t\t\t\t<\/a>\n\t\t\t\t\t\t\t\t\t<\/li>\n\t\t\t\t\t\t\t\t<li class=\"elementor-icon-list-item\">\n\t\t\t\t\t\t\t\t\t\t\t<a href=\"https:\/\/terval.com\/wp-content\/uploads\/2025\/04\/2024-10-07_SURE-GmbH-Certificate.pdf\" target=\"_blank\">\n\n\t\t\t\t\t\t\t\t\t\t\t\t<span class=\"elementor-icon-list-icon\">\n\t\t\t\t\t\t\t<i aria-hidden=\"true\" class=\"fas fa-certificate\"><\/i>\t\t\t\t\t\t<\/span>\n\t\t\t\t\t\t\t\t\t\t<span class=\"elementor-icon-list-text\"><u>Terval GmbH Zertifikat <\/u><\/span>\n\t\t\t\t\t\t\t\t\t\t\t<\/a>\n\t\t\t\t\t\t\t\t\t<\/li>\n\t\t\t\t\t\t<\/ul>\n\t\t\t\t\t\t<\/div>\n\t\t\t\t<\/div>\n\t\t\t\t\t<\/div>\n\t\t<\/div>\n\t\t\t\t<div class=\"elementor-column elementor-col-33 elementor-inner-column elementor-element elementor-element-190fc36 child\" data-id=\"190fc36\" data-element_type=\"column\" data-e-type=\"column\">\n\t\t\t<div class=\"elementor-widget-wrap elementor-element-populated\">\n\t\t\t\t\t\t<div class=\"elementor-element elementor-element-1e18d85 elementor-position-top elementor-widget elementor-widget-image-box\" data-id=\"1e18d85\" data-element_type=\"widget\" data-e-type=\"widget\" data-widget_type=\"image-box.default\">\n\t\t\t\t<div class=\"elementor-widget-container\">\n\t\t\t\t\t<div class=\"elementor-image-box-wrapper\"><figure class=\"elementor-image-box-img\"><img loading=\"lazy\" decoding=\"async\" width=\"340\" height=\"200\" src=\"https:\/\/terval.com\/wp-content\/uploads\/2025\/04\/Logo-ENPlus.png\" class=\"attachment-full size-full wp-image-4131\" alt=\"\" srcset=\"https:\/\/terval.com\/wp-content\/uploads\/2025\/04\/Logo-ENPlus.png 340w, https:\/\/terval.com\/wp-content\/uploads\/2025\/04\/Logo-ENPlus-300x176.png 300w\" sizes=\"(max-width: 340px) 100vw, 340px\" \/><\/figure><div class=\"elementor-image-box-content\"><h3 class=\"elementor-image-box-title\">Premium Pellet<\/h3><\/div><\/div>\t\t\t\t<\/div>\n\t\t\t\t<\/div>\n\t\t\t\t<div class=\"elementor-element elementor-element-b8d8356 elementor-align-start elementor-icon-list--layout-traditional elementor-list-item-link-full_width elementor-widget elementor-widget-icon-list\" data-id=\"b8d8356\" data-element_type=\"widget\" data-e-type=\"widget\" data-widget_type=\"icon-list.default\">\n\t\t\t\t<div class=\"elementor-widget-container\">\n\t\t\t\t\t\t\t<ul class=\"elementor-icon-list-items\">\n\t\t\t\t\t\t\t<li class=\"elementor-icon-list-item\">\n\t\t\t\t\t\t\t\t\t\t\t<a href=\"https:\/\/terval.com\/wp-content\/uploads\/2025\/04\/2024-12-20_CertificatENplus.pdf\" target=\"_blank\">\n\n\t\t\t\t\t\t\t\t\t\t\t\t<span class=\"elementor-icon-list-icon\">\n\t\t\t\t\t\t\t<i aria-hidden=\"true\" class=\"fas fa-certificate\"><\/i>\t\t\t\t\t\t<\/span>\n\t\t\t\t\t\t\t\t\t\t<span class=\"elementor-icon-list-text\"><u>Terval SA und Terval France SAS Zertifikat  <\/u><\/span>\n\t\t\t\t\t\t\t\t\t\t\t<\/a>\n\t\t\t\t\t\t\t\t\t<\/li>\n\t\t\t\t\t\t<\/ul>\n\t\t\t\t\t\t<\/div>\n\t\t\t\t<\/div>\n\t\t\t\t\t<\/div>\n\t\t<\/div>\n\t\t\t\t\t<\/div>\n\t\t<\/section>\n\t\t\t\t\t<\/div>\n\t\t<\/div>\n\t\t\t\t\t<\/div>\n\t\t<\/section>\n\t\t\t\t<section class=\"elementor-section elementor-top-section elementor-element elementor-element-889109f elementor-section-full_width elementor-section-height-default elementor-section-height-default\" data-id=\"889109f\" data-element_type=\"section\" data-e-type=\"section\">\n\t\t\t\t\t\t<div class=\"elementor-container elementor-column-gap-default\">\n\t\t\t\t\t<div class=\"elementor-column elementor-col-100 elementor-top-column elementor-element elementor-element-1147343\" data-id=\"1147343\" data-element_type=\"column\" data-e-type=\"column\">\n\t\t\t<div class=\"elementor-widget-wrap elementor-element-populated\">\n\t\t\t\t\t\t<div class=\"elementor-element elementor-element-b8c62fa elementor-widget elementor-widget-spacer\" data-id=\"b8c62fa\" data-element_type=\"widget\" data-e-type=\"widget\" data-widget_type=\"spacer.default\">\n\t\t\t\t<div class=\"elementor-widget-container\">\n\t\t\t\t\t\t\t<div class=\"elementor-spacer\">\n\t\t\t<div class=\"elementor-spacer-inner\"><\/div>\n\t\t<\/div>\n\t\t\t\t\t\t<\/div>\n\t\t\t\t<\/div>\n\t\t\t\t\t<\/div>\n\t\t<\/div>\n\t\t\t\t\t<\/div>\n\t\t<\/section>\n\t\t\t\t<\/div>\n\t\t","protected":false},"excerpt":{"rendered":"<p>Zertifizierungen Selbstverpflichtungserkl\u00e4rung Terval SA verfolgt aktiv Initiativen zur F\u00f6rderung nachhaltiger Biomassepraktiken. Unser Unternehmen verpflichtet sich, die Anforderungen der EU-Richtlinie f\u00fcr erneuerbare Energien von 2008 (REDII) und die normativen Dokumente der Zertifizierungssysteme zu erf\u00fcllen. Wir verwalten unsere Daten und Massenbilanzkonten in \u00dcbereinstimmung mit den Grunds\u00e4tzen und Anforderungen der REDII, um einen r\u00fcckverfolgbaren Fluss von nachhaltiger Biomasse [&hellip;]<\/p>\n","protected":false},"author":3,"featured_media":0,"parent":0,"menu_order":0,"comment_status":"closed","ping_status":"closed","template":"","meta":{"footnotes":""},"class_list":["post-4370","page","type-page","status-publish","hentry"],"_links":{"self":[{"href":"https:\/\/terval.com\/de\/wp-json\/wp\/v2\/pages\/4370","targetHints":{"allow":["GET"]}}],"collection":[{"href":"https:\/\/terval.com\/de\/wp-json\/wp\/v2\/pages"}],"about":[{"href":"https:\/\/terval.com\/de\/wp-json\/wp\/v2\/types\/page"}],"author":[{"embeddable":true,"href":"https:\/\/terval.com\/de\/wp-json\/wp\/v2\/users\/3"}],"replies":[{"embeddable":true,"href":"https:\/\/terval.com\/de\/wp-json\/wp\/v2\/comments?post=4370"}],"version-history":[{"count":21,"href":"https:\/\/terval.com\/de\/wp-json\/wp\/v2\/pages\/4370\/revisions"}],"predecessor-version":[{"id":4624,"href":"https:\/\/terval.com\/de\/wp-json\/wp\/v2\/pages\/4370\/revisions\/4624"}],"wp:attachment":[{"href":"https:\/\/terval.com\/de\/wp-json\/wp\/v2\/media?parent=4370"}],"curies":[{"name":"wp","href":"https:\/\/api.w.org\/{rel}","templated":true}]}}